{"id":522,"date":"2013-08-15T08:31:48","date_gmt":"2013-08-15T08:31:48","guid":{"rendered":"http:\/\/inasbasenji.com\/lv\/?page_id=522"},"modified":"2013-11-12T18:19:42","modified_gmt":"2013-11-12T18:19:42","slug":"kursings","status":"publish","type":"page","link":"http:\/\/inasbasenji.com\/lv\/kursings\/","title":{"rendered":"Kursings"},"content":{"rendered":"<p style=\"text-align: center;\"><a href=\"http:\/\/inasbasenji.com\/lv\/wp-content\/uploads\/2013\/08\/kursing.jpg\"><img decoding=\"async\" loading=\"lazy\" class=\" wp-image-1571 aligncenter\" alt=\"kursing\" src=\"http:\/\/inasbasenji.com\/lv\/wp-content\/uploads\/2013\/08\/kursing.jpg\" width=\"530\" height=\"319\" srcset=\"http:\/\/inasbasenji.com\/lv\/wp-content\/uploads\/2013\/08\/kursing.jpg 589w, http:\/\/inasbasenji.com\/lv\/wp-content\/uploads\/2013\/08\/kursing-300x180.jpg 300w\" sizes=\"(max-width: 530px) 100vw, 530px\" \/><\/a><\/p>\n<p><b><i>Med\u012bjuma kursings ir hum\u0101ns sporta veids, kas imit\u0113, k\u0101 kurtveid\u012bgie su\u0146i m\u0113dz dz\u012bties paka\u013c trusim vai za\u0137im. Su\u0146i skrien paka\u013c m\u0101ksl\u012bgajam med\u012bjumam, parasti izmanto baltas vai dzeltenas politel\u0113na str\u0113meles, da\u017ek\u0101rt kr\u0101sotas tru\u0161\u0101di\u0146as vai m\u0101ksl\u012bgas ka\u017eok\u0101das str\u0113meles.<\/i><\/b><\/p>\n<p><b><i>Lai izveidotu \u201emed\u012bjuma\u201d kursinga mar\u0161rutu, liel\u0101 lauk\u0101 izvieto vair\u0101kus tr\u012b\u0161us, kas iedz\u012bti zem\u0113, un tiem apk\u0101rt novelk stipru auklu. \u201eMed\u012bjumu\u201d piesien pie auklas, un visa sist\u0113ma tiek vad\u012bta ar pulti. \u201eMed\u012bjums\u201d tiek vilkts ar pietiekamu \u0101trumu, lai to patur\u0113tu dro\u0161\u0101 att\u0101lum\u0101 no vis\u0101tr\u0101k skrieno\u0161ajiem su\u0146iem. Kursinga trase ir izveidota pa lauztu l\u012bniju, lai cik vien iesp\u0113jams, imit\u0113tu za\u0137a skr\u0113jienu. Su\u0146i skrien divus ap\u013cus. P\u0113c pirm\u0101 ap\u013ca tiek main\u012bts trases virziens.<\/i><\/b><\/p>\n<p><b><i>\u0160\u0137irnes ietvaros sacens\u012bbas notiek, \u013caujot su\u0146iem skriet pa divi vai tr\u012bs. Ja \u0161\u0137irni p\u0101rst\u0101v tikai viens suns \u2013tas skr\u0113jienu veic viens.Trases garums no 400 l\u012bdz 1000 metriem.<\/i><\/b><\/p>\n<p><b><i>Lai tiesne\u0161i var\u0113tu objekt\u012bvi nov\u0113rt\u0113t su\u0146us, tie tiek iet\u0113rpti kursinga vest\u0113s \u2013 sarkan\u0101s,zil\u0101s vai balt\u0101s. Vestes kr\u0101su su\u0146iem pie\u0161\u0137ir p\u0113c nejau\u0161as izlozes principa. Par katru skr\u0113jienu katrs suns sa\u0146em punktus no diviem vai trim tiesne\u0161iem. Gal\u012bgais sacens\u012bbu rezult\u0101ts tiek noteikts sasumm\u0113jot visus su\u0146a ieg\u016btos punktus un sal\u012bdzinot ar citu su\u0146u punktu skaitu. Sacens\u012bb\u0101s su\u0146iem oblig\u0101ti j\u0101b\u016bt uzpur\u0146os (iz\u0146emot levretes).<\/i><\/b><\/p>\n<p><b><i>V\u0113rt\u0113\u0161anas parametri kursing\u0101:<\/i><\/b><\/p>\n<p><b><i>1.<\/i><\/b><b><i>\u00a0 <\/i><\/b><b><i>\u0100TRUMS \u2013 T\u0101 k\u0101 kursing\u0101 netiek hronometr\u0113ts laiks trases veik\u0161anai, tad \u201e\u0101trums\u201d tiek v\u0113rt\u0113ts p\u0113c su\u0146a manieres \u201epasniegt sevi\u201d \u2013 trasi veic nesamazinot \u0101trumu pgriezienos u.t.t.<\/i><\/b><\/p>\n<p><b><i>2.\u00a0\u00a0 <\/i><\/b><b><i>ENTUZIASMS \u2013 Mednieka azarts un m\u0113r\u0137tiec\u012bgums.<\/i><\/b><\/p>\n<p><b><i>3.\u00a0\u00a0\u00a0\u00a0 <\/i><\/b><b><i>ENER\u0122ISKUMS \u2013 To nov\u0113rt\u0113 p\u0113c t\u0101, cik viegli un m\u0113r\u0137tiec\u012bgi suns p\u0101rvar \u0161\u0137\u0113r\u0161\u013cus, manevr\u0113, sekojot \u201emed\u012bjumam\u201d.<\/i><\/b><\/p>\n<p><b><i>4.\u00a0\u00a0\u00a0\u00a0 <\/i><\/b><b><i>INTELEKTS \u2013 Gudrs suns, sekojot med\u012bjumam, izv\u0113l\u0113sies poz\u012bciju, lai nogrieztu \u201eupurim\u201d ce\u013cu uz viet\u0101m, kur tas var\u0113tu patverties un aizb\u0113gt ( kr\u016bmi, me\u017es, taisns ce\u013c\u0161).<\/i><\/b><\/p>\n<p><b><i>5.\u00a0\u00a0\u00a0\u00a0 <\/i><\/b><b><i>IZTUR\u012aBA &#8211; To nov\u0113rt\u0113 p\u0113c t\u0101, k\u0101d\u0101 fizisk\u0101 form\u0101 suns non\u0101k l\u012bdz fini\u0161am.<\/i><\/b><\/p>\n<p><b><i>\u0160is sporta veids no su\u0146a \u012bpa\u0161nieka neprasa \u012bpa\u0161as fiziskas aktivit\u0101tes, bet sunim nodro\u0161ina ne tikai fizisko, bet ar\u012b emocion\u0101lo un intelektu\u0101lo slodzi. Kursings ir br\u012bni\u0161\u0137\u012bgs trenni\u0146\u0161 j\u016bsu m\u012blu\u013ciem, kas modina vi\u0146os azartu, trenn\u0113 veikl\u012bbu, iztur\u012bbu un uzman\u012bbu.<\/i><\/b><\/p>\n<p><b><i>Latvij\u0101 kursinga sacens\u012bbas organiz\u0113 LKF Latvijas su\u0146u skrie\u0161anas sporta klubs. Sacens\u012bb\u0101s piedal\u0101s su\u0146i ne tikai no Latvijas, bet ar\u012b no cit\u0101m Eiropas valst\u012bm.<\/i><\/b><\/p>\n<p><b><i>\u00a0<\/i><\/b><\/p>\n<p><b><i>\u00a0<\/i><\/b><\/p>\n","protected":false},"excerpt":{"rendered":"<p>Med\u012bjuma kursings ir hum\u0101ns sporta veids, kas imit\u0113, k\u0101 kurtveid\u012bgie su\u0146i m\u0113dz dz\u012bties paka\u013c trusim vai za\u0137im. Su\u0146i skrien paka\u013c m\u0101ksl\u012bgajam med\u012bjumam, parasti izmanto baltas vai dzeltenas politel\u0113na str\u0113meles, da\u017ek\u0101rt kr\u0101sotas tru\u0161\u0101di\u0146as vai m\u0101ksl\u012bgas ka\u017eok\u0101das str\u0113meles. Lai izveidotu \u201emed\u012bjuma\u201d kursinga mar\u0161rutu, liel\u0101 lauk\u0101 izvieto vair\u0101kus tr\u012b\u0161us, kas iedz\u012bti zem\u0113, un tiem apk\u0101rt novelk stipru auklu. [&hellip;]<\/p>\n","protected":false},"author":1,"featured_media":0,"parent":0,"menu_order":9,"comment_status":"open","ping_status":"closed","template":"","meta":[],"_links":{"self":[{"href":"http:\/\/inasbasenji.com\/lv\/wp-json\/wp\/v2\/pages\/522"}],"collection":[{"href":"http:\/\/inasbasenji.com\/lv\/wp-json\/wp\/v2\/pages"}],"about":[{"href":"http:\/\/inasbasenji.com\/lv\/wp-json\/wp\/v2\/types\/page"}],"author":[{"embeddable":true,"href":"http:\/\/inasbasenji.com\/lv\/wp-json\/wp\/v2\/users\/1"}],"replies":[{"embeddable":true,"href":"http:\/\/inasbasenji.com\/lv\/wp-json\/wp\/v2\/comments?post=522"}],"version-history":[{"count":13,"href":"http:\/\/inasbasenji.com\/lv\/wp-json\/wp\/v2\/pages\/522\/revisions"}],"predecessor-version":[{"id":2001,"href":"http:\/\/inasbasenji.com\/lv\/wp-json\/wp\/v2\/pages\/522\/revisions\/2001"}],"wp:attachment":[{"href":"http:\/\/inasbasenji.com\/lv\/wp-json\/wp\/v2\/media?parent=522"}],"curies":[{"name":"wp","href":"https:\/\/api.w.org\/{rel}","templated":true}]}}