{"id":400,"date":"2013-04-02T11:30:07","date_gmt":"2013-04-02T11:30:07","guid":{"rendered":"http:\/\/inasbasenji.com\/lv\/?page_id=400"},"modified":"2014-06-22T11:56:37","modified_gmt":"2014-06-22T11:56:37","slug":"kontakti","status":"publish","type":"page","link":"http:\/\/inasbasenji.com\/lv\/kontakti\/","title":{"rendered":"! Kontakti"},"content":{"rendered":"<p><a href=\"http:\/\/inasbasenji.com\/lv\/wp-content\/uploads\/2013\/04\/45.png\"><img decoding=\"async\" loading=\"lazy\" class=\"alignnone size-full wp-image-405\" alt=\"45\" src=\"http:\/\/inasbasenji.com\/lv\/wp-content\/uploads\/2013\/04\/45.png\" width=\"657\" height=\"423\" srcset=\"http:\/\/inasbasenji.com\/lv\/wp-content\/uploads\/2013\/04\/45.png 657w, http:\/\/inasbasenji.com\/lv\/wp-content\/uploads\/2013\/04\/45-300x193.png 300w\" sizes=\"(max-width: 657px) 100vw, 657px\" \/><\/a><\/p>\n<div role=\"form\" class=\"wpcf7\" id=\"wpcf7-f412-o1\" dir=\"ltr\">\n<div class=\"screen-reader-response\"><\/div>\n<form action=\"\/lv\/wp-json\/wp\/v2\/pages\/400#wpcf7-f412-o1\" method=\"post\" class=\"wpcf7-form\" novalidate=\"novalidate\">\n<div style=\"display: none;\">\n<input type=\"hidden\" name=\"_wpcf7\" value=\"412\" \/>\n<input type=\"hidden\" name=\"_wpcf7_version\" value=\"4.3.1\" \/>\n<input type=\"hidden\" name=\"_wpcf7_locale\" value=\"\" \/>\n<input type=\"hidden\" name=\"_wpcf7_unit_tag\" value=\"wpcf7-f412-o1\" \/>\n<input type=\"hidden\" name=\"_wpnonce\" value=\"f8cff0d33e\" \/>\n<\/div>\n<p>J\u016bsu v\u0101rds (oblig\u0101ts)<br \/>\n    <span class=\"wpcf7-form-control-wrap your-name\"><input type=\"text\" name=\"your-name\" value=\"\" size=\"40\" class=\"wpcf7-form-control wpcf7-text wpcf7-validates-as-required\" aria-required=\"true\" aria-invalid=\"false\" \/><\/span> <\/p>\n<p>J\u016bsu e-pasts (oblig\u0101ts)<br \/>\n    <span class=\"wpcf7-form-control-wrap your-email\"><input type=\"email\" name=\"your-email\" value=\"\" size=\"40\" class=\"wpcf7-form-control wpcf7-text wpcf7-email wpcf7-validates-as-required wpcf7-validates-as-email\" aria-required=\"true\" aria-invalid=\"false\" \/><\/span> <\/p>\n<p>T\u0113ma<br \/>\n    <span class=\"wpcf7-form-control-wrap your-subject\"><input type=\"text\" name=\"your-subject\" value=\"\" size=\"40\" class=\"wpcf7-form-control wpcf7-text\" aria-invalid=\"false\" \/><\/span> <\/p>\n<p>J\u016bsu zi\u0146a<br \/>\n    <span class=\"wpcf7-form-control-wrap your-message\"><textarea name=\"your-message\" cols=\"40\" rows=\"10\" class=\"wpcf7-form-control wpcf7-textarea\" aria-invalid=\"false\"><\/textarea><\/span> <\/p>\n<p><input type=\"submit\" value=\"Nos\u016bt\u012bt\" class=\"wpcf7-form-control wpcf7-submit\" \/><\/p>\n<div class=\"wpcf7-response-output wpcf7-display-none\"><\/div><\/form><\/div>\n","protected":false},"excerpt":{"rendered":"","protected":false},"author":1,"featured_media":0,"parent":0,"menu_order":50,"comment_status":"open","ping_status":"open","template":"","meta":[],"_links":{"self":[{"href":"http:\/\/inasbasenji.com\/lv\/wp-json\/wp\/v2\/pages\/400"}],"collection":[{"href":"http:\/\/inasbasenji.com\/lv\/wp-json\/wp\/v2\/pages"}],"about":[{"href":"http:\/\/inasbasenji.com\/lv\/wp-json\/wp\/v2\/types\/page"}],"author":[{"embeddable":true,"href":"http:\/\/inasbasenji.com\/lv\/wp-json\/wp\/v2\/users\/1"}],"replies":[{"embeddable":true,"href":"http:\/\/inasbasenji.com\/lv\/wp-json\/wp\/v2\/comments?post=400"}],"version-history":[{"count":21,"href":"http:\/\/inasbasenji.com\/lv\/wp-json\/wp\/v2\/pages\/400\/revisions"}],"predecessor-version":[{"id":3728,"href":"http:\/\/inasbasenji.com\/lv\/wp-json\/wp\/v2\/pages\/400\/revisions\/3728"}],"wp:attachment":[{"href":"http:\/\/inasbasenji.com\/lv\/wp-json\/wp\/v2\/media?parent=400"}],"curies":[{"name":"wp","href":"https:\/\/api.w.org\/{rel}","templated":true}]}}