{"id":395,"date":"2013-04-01T20:32:20","date_gmt":"2013-04-01T20:32:20","guid":{"rendered":"http:\/\/inasbasenji.com\/lv\/?page_id=395"},"modified":"2013-09-11T18:41:56","modified_gmt":"2013-09-11T18:41:56","slug":"veseliba","status":"publish","type":"page","link":"http:\/\/inasbasenji.com\/lv\/viss-par-basenji\/veseliba\/","title":{"rendered":"VESEL\u012aBA"},"content":{"rendered":"<p><span style=\"text-decoration: underline;\"><span style=\"font-size: medium;\"><strong>Fankoni sindroms.<\/strong><\/span><\/span><\/p>\n<p><b><i>\u00a0<\/i><\/b><\/p>\n<p><b><i>\u00a0\u00a0\u00a0\u00a0\u00a0 Viena no \u0123en\u0113tiski p\u0101rmantojam\u0101m\u00a0 slim\u012bb\u0101m, kas var\u0113tu b\u016bt rakstur\u012bga basen\u017ei \u0161\u0137irnei ir Fankoni sindroms. \u0160\u012b slim\u012bba izpau\u017e\u0101s k\u0101 nieru funkciju trauc\u0113jumi. Nieres organism\u0101 nodro\u0161ina norm\u0101lu \u0161\u0137idrumu balansu un kait\u012bgo vielu izvad\u012b\u0161anu no organisma.<\/i><\/b><\/p>\n<p><b><i>\u00a0\u00a0\u00a0\u00a0\u00a0 Pie Fankoni sindroma no organisma tiek izvad\u012btas ar\u012b v\u0113rt\u012bg\u0101s miner\u0101lvielas, k\u0101 rezult\u0101t\u0101 dz\u012bvnieks zaud\u0113 svaru (neskatoties uz norm\u0101lu \u0113stgribu), atrof\u0113j\u0101s musku\u013ci, par\u0101d\u0101s s\u0101pes kaulos). Ja savlaic\u012bgi neuzs\u0101k \u0101rst\u0113\u0161anu, dz\u012bvnieks var aiziet boj\u0101 organisma at\u016bde\u0146o\u0161an\u0101s rezult\u0101t\u0101. Pastiprin\u0101tas sl\u0101pes un bie\u017ea urin\u0113\u0161ana ir galven\u0101s Fankoni sindroma paz\u012bmes. Parasti slim\u012bbas paz\u012bmes par\u0101d\u0101s 5-7 gadu vecum\u0101, bet t\u0101 var skart ar\u012b daudz jaun\u0101ku vai vec\u0101ku suni.<\/i><\/b><\/p>\n<p><b><i>\u00a0\u00a0\u00a0\u00a0\u00a0 ASV tika veikti p\u0113t\u012bjumi sakar\u0101 ar Fankoni sinomu basen\u017eiem. P\u0113t\u012bjumu rezult\u0101t\u0101<\/i><\/b><\/p>\n<p><b><i>\u00a0noskaidroj\u0101s, ka g\u0113ns, kur\u0161 atbild par Fankoni sindromu ir reces\u012bvs. T\u0101tad su\u0146iem var neb\u016bt \u0161\u012b g\u0113na (Clear), var b\u016bt n\u0113s\u0101t\u0101ji (Carrier) \u2013 n\u0101kotn\u0113 saslim\u0161ana ar Fankoni sindromu nedraud, vai ar\u012b ir risks ar \u0161o slim\u012bbu saslimt (Affected).<\/i><\/b><\/p>\n<p><b><i>\u00a0\u00a0\u00a0\u00a0\u00a0 Nav pie\u013caujams veikt p\u0101ro\u0161anu, ja abi vec\u0101ki ir pak\u013cauti Fankoni sindroma saslim\u0161anas riskam (Affected), jo \u0161ada p\u0101ra p\u0113cn\u0101c\u0113ji n\u0101kotn\u0113 noteikti var saslimt. P\u0101ris, kur\u0101 viens no vec\u0101kiem ir br\u012bvs no Fankoni sindroma g\u0113na (Clear), bet otrs ir n\u0113s\u0101t\u0101js (Carrier) vai ar\u012b pak\u013cauts saslim\u0161anas riskam (Affected) dr\u012bkst rad\u012bt p\u0113cn\u0101c\u0113jus, jo vi\u0146u kuc\u0113niem saslim\u0161ana nedraud.<\/i><\/b><\/p>\n<p><b><i>\u00a0\u00a0\u00a0\u00a0\u00a0 ASV ir izstr\u0101d\u0101ts tests-mar\u0137ieris, lai noteiktu Fankoni sindrom g\u0113nu. Pas\u016bt\u012bt testu var sekojo\u0161\u0101 sait\u0101 \u2013 Ortopedic Fundation for Animals.<\/i><\/b><\/p>\n<p><a href=\"http:\/\/inasbasenji.com\/lv\/wp-content\/uploads\/2013\/04\/CCF20130824_000031.jpg\"><img decoding=\"async\" loading=\"lazy\" class=\"alignleft  wp-image-888\" alt=\"CCF20130824_00003\" src=\"http:\/\/inasbasenji.com\/lv\/wp-content\/uploads\/2013\/04\/CCF20130824_000031.jpg\" width=\"538\" height=\"717\" srcset=\"http:\/\/inasbasenji.com\/lv\/wp-content\/uploads\/2013\/04\/CCF20130824_000031.jpg 768w, http:\/\/inasbasenji.com\/lv\/wp-content\/uploads\/2013\/04\/CCF20130824_000031-225x300.jpg 225w\" sizes=\"(max-width: 538px) 100vw, 538px\" \/><\/a><a href=\"http:\/\/inasbasenji.com\/lv\/wp-content\/uploads\/2013\/04\/CCF20130830_00001.jpg\"><img decoding=\"async\" loading=\"lazy\" class=\"alignleft  wp-image-886\" alt=\"CCF20130830_00001\" src=\"http:\/\/inasbasenji.com\/lv\/wp-content\/uploads\/2013\/04\/CCF20130830_00001.jpg\" width=\"670\" height=\"717\" srcset=\"http:\/\/inasbasenji.com\/lv\/wp-content\/uploads\/2013\/04\/CCF20130830_00001.jpg 957w, http:\/\/inasbasenji.com\/lv\/wp-content\/uploads\/2013\/04\/CCF20130830_00001-280x300.jpg 280w\" sizes=\"(max-width: 670px) 100vw, 670px\" \/><\/a><a href=\"http:\/\/inasbasenji.com\/lv\/wp-content\/uploads\/2013\/04\/CCF20130824_00006.jpg\"><img decoding=\"async\" loading=\"lazy\" class=\"alignleft  wp-image-898\" alt=\"CCF20130824_00006\" src=\"http:\/\/inasbasenji.com\/lv\/wp-content\/uploads\/2013\/04\/CCF20130824_00006.jpg\" width=\"570\" height=\"614\" srcset=\"http:\/\/inasbasenji.com\/lv\/wp-content\/uploads\/2013\/04\/CCF20130824_00006.jpg 950w, http:\/\/inasbasenji.com\/lv\/wp-content\/uploads\/2013\/04\/CCF20130824_00006-278x300.jpg 278w\" sizes=\"(max-width: 570px) 100vw, 570px\" \/><\/a><\/p>\n","protected":false},"excerpt":{"rendered":"<p>Fankoni sindroms. \u00a0 \u00a0\u00a0\u00a0\u00a0\u00a0 Viena no \u0123en\u0113tiski p\u0101rmantojam\u0101m\u00a0 slim\u012bb\u0101m, kas var\u0113tu b\u016bt rakstur\u012bga basen\u017ei \u0161\u0137irnei ir Fankoni sindroms. \u0160\u012b slim\u012bba izpau\u017e\u0101s k\u0101 nieru funkciju trauc\u0113jumi. Nieres organism\u0101 nodro\u0161ina norm\u0101lu \u0161\u0137idrumu balansu un kait\u012bgo vielu izvad\u012b\u0161anu no organisma. \u00a0\u00a0\u00a0\u00a0\u00a0 Pie Fankoni sindroma no organisma tiek izvad\u012btas ar\u012b v\u0113rt\u012bg\u0101s miner\u0101lvielas, k\u0101 rezult\u0101t\u0101 dz\u012bvnieks zaud\u0113 svaru (neskatoties uz [&hellip;]<\/p>\n","protected":false},"author":1,"featured_media":0,"parent":20,"menu_order":6,"comment_status":"open","ping_status":"open","template":"","meta":[],"_links":{"self":[{"href":"http:\/\/inasbasenji.com\/lv\/wp-json\/wp\/v2\/pages\/395"}],"collection":[{"href":"http:\/\/inasbasenji.com\/lv\/wp-json\/wp\/v2\/pages"}],"about":[{"href":"http:\/\/inasbasenji.com\/lv\/wp-json\/wp\/v2\/types\/page"}],"author":[{"embeddable":true,"href":"http:\/\/inasbasenji.com\/lv\/wp-json\/wp\/v2\/users\/1"}],"replies":[{"embeddable":true,"href":"http:\/\/inasbasenji.com\/lv\/wp-json\/wp\/v2\/comments?post=395"}],"version-history":[{"count":35,"href":"http:\/\/inasbasenji.com\/lv\/wp-json\/wp\/v2\/pages\/395\/revisions"}],"predecessor-version":[{"id":915,"href":"http:\/\/inasbasenji.com\/lv\/wp-json\/wp\/v2\/pages\/395\/revisions\/915"}],"up":[{"embeddable":true,"href":"http:\/\/inasbasenji.com\/lv\/wp-json\/wp\/v2\/pages\/20"}],"wp:attachment":[{"href":"http:\/\/inasbasenji.com\/lv\/wp-json\/wp\/v2\/media?parent=395"}],"curies":[{"name":"wp","href":"https:\/\/api.w.org\/{rel}","templated":true}]}}