{"id":390,"date":"2013-04-01T20:20:40","date_gmt":"2013-04-01T20:20:40","guid":{"rendered":"http:\/\/inasbasenji.com\/lv\/?page_id=390"},"modified":"2013-11-12T18:15:11","modified_gmt":"2013-11-12T18:15:11","slug":"paskaidrojumi-sakara-ar-basenzi-standartu","status":"publish","type":"page","link":"http:\/\/inasbasenji.com\/lv\/fci-skirnes-standarts\/paskaidrojumi-sakara-ar-basenzi-standartu\/","title":{"rendered":"PASKAIDROJUMI SAKAR\u0100 AR BASEN\u017dI STANDARTU"},"content":{"rendered":"<p><a href=\"http:\/\/inasbasenji.com\/lv\/wp-content\/uploads\/2013\/03\/17a.png\"><img decoding=\"async\" loading=\"lazy\" class=\"alignnone size-full wp-image-217\" alt=\"17a\" src=\"http:\/\/inasbasenji.com\/lv\/wp-content\/uploads\/2013\/03\/17a.png\" width=\"552\" height=\"210\" srcset=\"http:\/\/inasbasenji.com\/lv\/wp-content\/uploads\/2013\/03\/17a.png 552w, http:\/\/inasbasenji.com\/lv\/wp-content\/uploads\/2013\/03\/17a-300x114.png 300w\" sizes=\"(max-width: 552px) 100vw, 552px\" \/><\/a><\/p>\n<p align=\"center\"><b><i><span style=\"text-decoration: underline;\">PASKAIDROJUMI SAKAR\u0100 AR BASEN\u017dI STANDARTU.<\/span><\/i><\/b><\/p>\n<p><b><i>\u00a0\u00a0\u00a0\u00a0\u00a0 Ja j\u016bs esat nol\u0113mu\u0161i apmekl\u0113t \u0161\u0137irnes su\u0146u izst\u0101di, tad jums b\u016bs interesanti uzzin\u0101t p\u0113c k\u0101diem krit\u0113rijiem tiesnesis nov\u0113rt\u0113 basen\u017ei.<\/i><\/b><\/p>\n<p><b><i>\u00a0\u00a0\u00a0\u00a0\u00a0 Basen\u017ei \u0161\u0137irnei ir savs FCI standarts, kur\u0101 tiek aprakst\u012bts ide\u0101ls basen\u017ei. Protams, nek\u0101ds ide\u0101ls basen\u017ei nepast\u0101v (neskatoties uz vi\u0146u \u012bpa\u0161nieku dom\u0101m un v\u0113lm\u0113m). Vienk\u0101r\u0161i, tiesne\u0161a uzdevums ir atrast t\u0101du suni, kur\u0161 visvair\u0101k atbilst past\u0101vo\u0161ajam \u0161\u0137irnes standartam.<\/i><\/b><\/p>\n<p><b><i>\u00a0\u00a0\u00a0\u00a0\u00a0 L\u016bk, asto\u0146us m\u0113ne\u0161us vecs kuc\u0113ns izst\u0101des st\u0101j\u0101:<\/i><\/b><\/p>\n<p><b><i>~ Basen\u017ea korpusam ir j\u0101b\u016bt kvadr\u0101tveida. L\u012bnijai 1 ir j\u0101b\u016bt vien\u0101dai p\u0113c garuma ar l\u012bniju 2. 1=2.<\/i><\/b><\/p>\n<p><b><i>\u00a0<\/i><\/b><\/p>\n<p><b><i>~ Izskat\u0101s gark\u0101jains. L\u012bnija 10 nedr\u012bkst b\u016bt \u012bs\u0101ka par l\u012bniju 9.<\/i><\/b><\/p>\n<p><b><i>\u00a0<\/i><\/b><\/p>\n<p><b><i>~ Lecam\u0101s loc\u012btavas atrod\u0101s zemu. L\u012bnija 4 nedr\u012bkst b\u016bt gar\u0101ka par pusi no l\u012bnijas 3 garuma (\u0161im <\/i><\/b><\/p>\n<p><b><i>\u00a0\u00a0 kuc\u0113nam t\u0101 ir gar\u0101ka).<\/i><\/b><\/p>\n<p><b><i>\u00a0<\/i><\/b><\/p>\n<p><b><i>~ Le\u0146\u0137im 8 j\u0101b\u016bt vien\u0101dam ar le\u0146\u0137i 7(\u0161im kuc\u0113nam le\u0146\u0137is 7 ir nedaudz as\u0101ks).<\/i><\/b><\/p>\n<p><b><i>\u00a0<\/i><\/b><\/p>\n<p><b><i>~ Pleca garums. Le\u0146\u0137a 7 apak\u0161\u0113jai l\u012bnijai j\u0101b\u016bt tikpat garai k\u0101 le\u0146\u0137a 7 aug\u0161\u0113jai l\u012bnijai ( ne \u012bs\u0101kai).<\/i><\/b><\/p>\n<p><b><i>\u00a0<\/i><\/b><\/p>\n<p><b><i>~ Ce\u013cgalu le\u0146\u0137i m\u0113reni izteikti. Le\u0146\u0137is 11.<\/i><\/b><\/p>\n<p><b><i>\u00a0<\/i><\/b><\/p>\n<p><b><i>~ Mugura \u012bsa. L\u012bnijai 6 (no p\u0113d\u0113j\u0101s ribas l\u012bdz krustiem) ir j\u0101b\u016bt \u012bs\u0101kai nek\u0101 l\u012bnijai 5 (no skausta <\/i><\/b><\/p>\n<p><b><i>\u00a0\u00a0 l\u012bdz p\u0113d\u0113jai ribai).<\/i><\/b><\/p>\n<p><b><i>\u00a0<\/i><\/b><\/p>\n<p><b><i>~ Purna da\u013ca. L\u012bnijai 12 j\u0101b\u016bt nedaudz \u012bs\u0101kai par l\u012bniju 13.<\/i><\/b><\/p>\n<p><b><i>\u00a0<\/i><\/b><\/p>\n<p><b><i>~ L\u0113\u0146\u0137a 8 aug\u0161\u0113j\u0101 l\u012bnija nosaka astes novietojumu un veido, t\u0101 saucamo, \u201eplaukti\u0146u\u201d.<\/i><\/b><\/p>\n<p><b><i>\u00a0<\/i><\/b><\/p>\n<p><b><i>~ Neliels forbrusts pleca l\u012bnijas priek\u0161pus\u0113 \u2013 14.<\/i><\/b><\/p>\n<p><b><i>\u00a0<\/i><\/b><\/p>\n<p><b><i>KUST\u012aBAS:<\/i><\/b><\/p>\n<p><b><i>\u00a0<\/i><\/b><\/p>\n<p><b><i>~ Taisna l\u012bnija no skausta l\u012bdz pirkstu gali\u0146iem.<\/i><\/b><\/p>\n<p><b><i>\u00a0<\/i><\/b><\/p>\n<p><b><i>~ Labi novietotas paka\u013c\u0113j\u0101s ekstremit\u0101tes.<\/i><\/b><\/p>\n","protected":false},"excerpt":{"rendered":"<p>PASKAIDROJUMI SAKAR\u0100 AR BASEN\u017dI STANDARTU. \u00a0\u00a0\u00a0\u00a0\u00a0 Ja j\u016bs esat nol\u0113mu\u0161i apmekl\u0113t \u0161\u0137irnes su\u0146u izst\u0101di, tad jums b\u016bs interesanti uzzin\u0101t p\u0113c k\u0101diem krit\u0113rijiem tiesnesis nov\u0113rt\u0113 basen\u017ei. \u00a0\u00a0\u00a0\u00a0\u00a0 Basen\u017ei \u0161\u0137irnei ir savs FCI standarts, kur\u0101 tiek aprakst\u012bts ide\u0101ls basen\u017ei. Protams, nek\u0101ds ide\u0101ls basen\u017ei nepast\u0101v (neskatoties uz vi\u0146u \u012bpa\u0161nieku dom\u0101m un v\u0113lm\u0113m). Vienk\u0101r\u0161i, tiesne\u0161a uzdevums ir atrast t\u0101du [&hellip;]<\/p>\n","protected":false},"author":1,"featured_media":0,"parent":182,"menu_order":1,"comment_status":"open","ping_status":"open","template":"","meta":[],"_links":{"self":[{"href":"http:\/\/inasbasenji.com\/lv\/wp-json\/wp\/v2\/pages\/390"}],"collection":[{"href":"http:\/\/inasbasenji.com\/lv\/wp-json\/wp\/v2\/pages"}],"about":[{"href":"http:\/\/inasbasenji.com\/lv\/wp-json\/wp\/v2\/types\/page"}],"author":[{"embeddable":true,"href":"http:\/\/inasbasenji.com\/lv\/wp-json\/wp\/v2\/users\/1"}],"replies":[{"embeddable":true,"href":"http:\/\/inasbasenji.com\/lv\/wp-json\/wp\/v2\/comments?post=390"}],"version-history":[{"count":7,"href":"http:\/\/inasbasenji.com\/lv\/wp-json\/wp\/v2\/pages\/390\/revisions"}],"predecessor-version":[{"id":1999,"href":"http:\/\/inasbasenji.com\/lv\/wp-json\/wp\/v2\/pages\/390\/revisions\/1999"}],"up":[{"embeddable":true,"href":"http:\/\/inasbasenji.com\/lv\/wp-json\/wp\/v2\/pages\/182"}],"wp:attachment":[{"href":"http:\/\/inasbasenji.com\/lv\/wp-json\/wp\/v2\/media?parent=390"}],"curies":[{"name":"wp","href":"https:\/\/api.w.org\/{rel}","templated":true}]}}