{"id":356,"date":"2013-04-01T18:35:37","date_gmt":"2013-04-01T18:35:37","guid":{"rendered":"http:\/\/inasbasenji.com\/lv\/?page_id=356"},"modified":"2013-11-12T17:45:04","modified_gmt":"2013-11-12T17:45:04","slug":"pastagas","status":"publish","type":"page","link":"http:\/\/inasbasenji.com\/lv\/viss-par-basenji\/pastagas\/","title":{"rendered":"Pastaiga"},"content":{"rendered":"<p><b><i>1. \u00a0<\/i><\/b><b><i>Ziem\u0101, ja gaisa temperat\u016bra ir zem\u0101ka par -10 gr\u0101diem, v\u0113lams suni ap\u0123\u0113rbt. Su\u0146u ap\u0123\u0113rbu sortiments ir \u013coti pla\u0161s \u2013 galvenais, lai b\u016btu pareizs izm\u0113rs, tas b\u016btu \u0113rts un atbilstu sezonai.<\/i><\/b><\/p>\n<p><b><i>2. Ja dz\u012bvojat pils\u0113t\u0101, kur ielas tiek kais\u012btas ar s\u0101li, v\u0113lams ziem\u0101 vilkt speci\u0101lus su\u0146u z\u0101baci\u0146us, vai ar\u012b p\u0113c past\u0101gas no \u0137ep\u0101m s\u0101li nomazg\u0101t.<\/i><\/b><\/p>\n<p><b><i>Iesaku pirms pastaig\u0101m sasm\u0113r\u0113t<\/i><\/b> <b><i>ar speci\u0101lu balzamu &#8211;\u00a0su\u0146a spilventi\u0146us<\/i><\/b>.<\/p>\n<p><a href=\"http:\/\/inasbasenji.com\/lv\/wp-content\/uploads\/2013\/04\/30.png\"><img decoding=\"async\" loading=\"lazy\" class=\"alignnone size-full wp-image-360\" alt=\"30\" src=\"http:\/\/inasbasenji.com\/lv\/wp-content\/uploads\/2013\/04\/30.png\" width=\"380\" height=\"378\" srcset=\"http:\/\/inasbasenji.com\/lv\/wp-content\/uploads\/2013\/04\/30.png 380w, http:\/\/inasbasenji.com\/lv\/wp-content\/uploads\/2013\/04\/30-150x150.png 150w, http:\/\/inasbasenji.com\/lv\/wp-content\/uploads\/2013\/04\/30-300x298.png 300w\" sizes=\"(max-width: 380px) 100vw, 380px\" \/><\/a><\/p>\n<p><b><i>3. Kuc\u0113nam ir nepiecie\u0161ama kaklasiksni\u0146a, iesaku <\/i><\/b><a href=\"http:\/\/www.triera.lv\"><b><i>www.triera.lv<\/i><\/b><\/a><b><i> &#8211; var veikt pas\u016bt\u012bjumu (pieaugu\u0161am basen\u017ei \u2013 dzin\u0113jsu\u0146u kaklasiksna),<\/i><\/b><\/p>\n<p><a href=\"http:\/\/inasbasenji.com\/lv\/wp-content\/uploads\/2013\/04\/38.png\"><img decoding=\"async\" loading=\"lazy\" class=\"alignnone size-full wp-image-365\" alt=\"38\" src=\"http:\/\/inasbasenji.com\/lv\/wp-content\/uploads\/2013\/04\/38.png\" width=\"630\" height=\"273\" srcset=\"http:\/\/inasbasenji.com\/lv\/wp-content\/uploads\/2013\/04\/38.png 630w, http:\/\/inasbasenji.com\/lv\/wp-content\/uploads\/2013\/04\/38-300x130.png 300w\" sizes=\"(max-width: 630px) 100vw, 630px\" \/><\/a><\/p>\n<p><b><i><\/i><\/b><b><i><b><i>pavada pastaig\u0101m \u2013 v\u0113lama, 3-5 m gara, ar lenti.V\u0113l ir vajadz\u012bga \u012bs\u0101ka pavadi\u0146a no \u0101das<\/i><\/b> <b><i>vai cita materi\u0101la pastaig\u0101m pils\u0113t\u0101, izst\u0101\u017eu pavadi\u0146a. <\/i><\/b><\/i><\/b><\/p>\n<p><a href=\"http:\/\/inasbasenji.com\/lv\/wp-content\/uploads\/2013\/04\/37.png\"><img decoding=\"async\" loading=\"lazy\" class=\"alignnone size-full wp-image-368\" alt=\"37\" src=\"http:\/\/inasbasenji.com\/lv\/wp-content\/uploads\/2013\/04\/37.png\" width=\"538\" height=\"194\" srcset=\"http:\/\/inasbasenji.com\/lv\/wp-content\/uploads\/2013\/04\/37.png 538w, http:\/\/inasbasenji.com\/lv\/wp-content\/uploads\/2013\/04\/37-300x108.png 300w\" sizes=\"(max-width: 538px) 100vw, 538px\" \/><\/a><\/p>\n<p><b><i>4. \u00a0<\/i><\/b><b><i>Pie j\u016bras, no\u017eogot\u0101s viet\u0101s \u2013 suni varat atlaist no pavadas. To noteikti nevajadz\u0113tu dar\u012bt autoce\u013cu tuvum\u0101 un neapz\u012bstam\u0101s viet\u0101s.<\/i><\/b><\/p>\n<p><b><i>5. <\/i><\/b><b><i>Pastaigu laik\u0101 vienm\u0113r \u0146emit l\u0113dzi gardumi\u0146us, lai var\u0113tu piesaukt s<\/i><\/b><\/p>\n<p><b><i>6.\u00a0<\/i><\/b><b><i>Komanda \u201e\u0160URP!\u201d sunim ir j\u0101izpilda uzreiz (izmantojam grdumi\u0146us).<\/i><\/b><\/p>\n<p><b><i>7.\u00a0<\/i><\/b><b><i>Kuc\u0113ns p\u0113c otr\u0101s vakcin\u0101cijas pastaig\u0101 var doties p\u0113c ned\u0113\u013cas. P\u0113c potes pre trakums\u0113rgu \u2013 karant\u012bna vienu ned\u0113\u013cu.<\/i><\/b><\/p>\n<p><b><i>8. <\/i><\/b><b><i>Basen\u017ei \u013coti m\u012bl k\u0101rt\u012bgi izskrieties. Ja vien ir iesp\u0113ja, \u013caujiet vi\u0146am to dar\u012bt. Ja suns ir ruletes veida pavad\u0101, br\u012bvu skraid\u012b\u0161anu var aizst\u0101t ar kop\u012bg\u0101m sp\u0113l\u0113m.<\/i><\/b><\/p>\n<p><b><i>9. <\/i><\/b><b><i>No 7 m\u0113ne\u0161u vecuma basen\u017ei var j\u016bs pavad\u012bt gar\u0101s pastaig\u0101s.<\/i><\/b><\/p>\n<p><b><i>10. <\/i><\/b><b><i>J\u0101r\u0113\u0137in\u0101s ar to, ka basen\u017ei ir mednieki \u2013 vi\u0146i p\u0113k\u0161\u0146i var mesties paka\u013c ka\u0137im, putnam vi citam s\u012bkam dz\u012bvniekam.<\/i><\/b><\/p>\n<p><b><i>\u00a0<\/i><\/b><\/p>\n","protected":false},"excerpt":{"rendered":"<p>1. \u00a0Ziem\u0101, ja gaisa temperat\u016bra ir zem\u0101ka par -10 gr\u0101diem, v\u0113lams suni ap\u0123\u0113rbt. Su\u0146u ap\u0123\u0113rbu sortiments ir \u013coti pla\u0161s \u2013 galvenais, lai b\u016btu pareizs izm\u0113rs, tas b\u016btu \u0113rts un atbilstu sezonai. 2. Ja dz\u012bvojat pils\u0113t\u0101, kur ielas tiek kais\u012btas ar s\u0101li, v\u0113lams ziem\u0101 vilkt speci\u0101lus su\u0146u z\u0101baci\u0146us, vai ar\u012b p\u0113c past\u0101gas no \u0137ep\u0101m s\u0101li nomazg\u0101t. [&hellip;]<\/p>\n","protected":false},"author":1,"featured_media":0,"parent":20,"menu_order":4,"comment_status":"open","ping_status":"open","template":"","meta":[],"_links":{"self":[{"href":"http:\/\/inasbasenji.com\/lv\/wp-json\/wp\/v2\/pages\/356"}],"collection":[{"href":"http:\/\/inasbasenji.com\/lv\/wp-json\/wp\/v2\/pages"}],"about":[{"href":"http:\/\/inasbasenji.com\/lv\/wp-json\/wp\/v2\/types\/page"}],"author":[{"embeddable":true,"href":"http:\/\/inasbasenji.com\/lv\/wp-json\/wp\/v2\/users\/1"}],"replies":[{"embeddable":true,"href":"http:\/\/inasbasenji.com\/lv\/wp-json\/wp\/v2\/comments?post=356"}],"version-history":[{"count":14,"href":"http:\/\/inasbasenji.com\/lv\/wp-json\/wp\/v2\/pages\/356\/revisions"}],"predecessor-version":[{"id":361,"href":"http:\/\/inasbasenji.com\/lv\/wp-json\/wp\/v2\/pages\/356\/revisions\/361"}],"up":[{"embeddable":true,"href":"http:\/\/inasbasenji.com\/lv\/wp-json\/wp\/v2\/pages\/20"}],"wp:attachment":[{"href":"http:\/\/inasbasenji.com\/lv\/wp-json\/wp\/v2\/media?parent=356"}],"curies":[{"name":"wp","href":"https:\/\/api.w.org\/{rel}","templated":true}]}}