{"id":345,"date":"2013-04-01T18:11:29","date_gmt":"2013-04-01T18:11:29","guid":{"rendered":"http:\/\/inasbasenji.com\/lv\/?page_id=345"},"modified":"2013-11-12T17:40:40","modified_gmt":"2013-11-12T17:40:40","slug":"345-2","status":"publish","type":"page","link":"http:\/\/inasbasenji.com\/lv\/viss-par-basenji\/345-2\/","title":{"rendered":"Audzin\u0101\u0161ana"},"content":{"rendered":"<p><b><i>1. <\/i><\/b><b><i>Kuc\u0113na audzin\u0101\u0161anu s\u0101ciet jau no pirm\u0101s dienas j\u016bsu m\u0101j\u0101s! Ne\u013caujiet vi\u0146am dar\u012bt visu , ko vi\u0146\u0161 iedom\u0101jas, esiet nepiek\u0101p\u012bgi. Saimnieks esat j\u016bs!<\/i><\/b><\/p>\n<p><b><i>2.\u00a0<\/i><\/b><b><i>Kuc\u0113nam uzreiz j\u0101nor\u0101da \u2013 kur vi\u0146\u0161 var iet un kur n\u0113.<\/i><\/b><\/p>\n<p><b><i>3.\u00a0 <\/i><\/b><b><i>Izmantojot gardumi\u0146us un slav\u0113\u0161anu, pa\u0161i apm\u0101ciet kuc\u0113nu izpild\u012bt elemnt\u0101r\u0101k\u0101s komandas.<\/i><\/b><\/p>\n<p><b><i>4.\u00a0<\/i><\/b><b><i>V\u0113lams apmekl\u0113t kuc\u0113nu apm\u0101c\u012bbas skolu ( apm. No 4 m\u0113n. vecuma), lai suns jau no b\u0113rn\u012bbas m\u0101c\u012btos komunic\u0113t ar citiem cilv\u0113kiem un su\u0146iem.<\/i><\/b><\/p>\n<p><b><i>5. <\/i><\/b><b><i>Neatlieciet kuc\u0113na socializ\u0113\u0161anu! Ja vien iesp\u0113jams, \u0146emiet kuc\u0113nu visur sevl\u012bdz, \u013caujiet sve\u0161iem cilv\u0113kiem vi\u0146u glaud\u012bt, vediet uz viet\u0101m, kur ir daudz cilv\u0113ku un trok\u0161\u0146u \u2013 tirgus, veikali, su\u0146u izst\u0101des (pat ja nepiedal\u0101ties ), ciemos, sabiedriskais transports u.c.<\/i><\/b><\/p>\n<p><b><i>6. <\/i><\/b><b><i>Strikti apturiet jebkuru agresijas izpausmi &#8211; gan pret cilv\u0113kiem, gan pret su\u0146iem! Ska\u013ci un draud\u012bgi pasakiet \u201eFU!\u201d, varat ar\u012b sapurin\u0101t.<\/i><\/b><\/p>\n<p><b><i>7.\u00a0\u00a0<\/i><\/b><b><i>Nepie\u013caujiet, ka suns uzst\u0101da savus noteikumus \u2013 ne\u013cauj \u0146emt vi\u0146a rota\u013clietas, bar\u012bbas b\u013codi\u0146u, ne\u013cauj aps\u0113sties uz d\u012bv\u0101na. Stingri nor\u0101diet sunim, kur ir vi\u0146a vieta!<\/i><\/b><\/p>\n<p><b><i>8.\u00a0<\/i><\/b><b><i>P\u0113c iesp\u0113jas vair\u0101k run\u0101jiet ar savu suni, glaudiet vi\u0146u, sam\u012b\u013cojiet.<\/i><\/b><\/p>\n<p><b><i>9. \u00a0<\/i><\/b><b><i>Audziniet ar maigumu, bet atcerieties, ka basen\u017ei zin j\u016bsu v\u0101j\u012bbas un labr\u0101t to m\u0113\u0123in\u0101s izmantot.<\/i><\/b><\/p>\n<p><b><i>10.\u00a0<\/i><\/b><b><i>Lai ieg\u016btu un nostiprin\u0101tu sava m\u012blu\u013ca uztic\u012bbu, izmantojiet \u0161\u0101du pa\u0146\u0113mienu: \u0146emiet nost un t\u016bl\u012bt pat atdodiet sunim vi\u0146\u0101 rota\u013clietas, grau\u017eamos kauli\u0146us \u2013 vi\u0146am j\u0101b\u016bt p\u0101rliecin\u0101tam, ka j\u016bs tos atdosiet.<\/i><\/b><\/p>\n<p><b><i>11. <\/i><\/b><b><i>K\u016bc\u0113nu \u0146emiet rok\u0101s pareizi \u2013 ar vienu roku zem kr\u016bt\u012bm, otru \u2013 zem dibena.<\/i><\/b><\/p>\n","protected":false},"excerpt":{"rendered":"<p>1. Kuc\u0113na audzin\u0101\u0161anu s\u0101ciet jau no pirm\u0101s dienas j\u016bsu m\u0101j\u0101s! Ne\u013caujiet vi\u0146am dar\u012bt visu , ko vi\u0146\u0161 iedom\u0101jas, esiet nepiek\u0101p\u012bgi. Saimnieks esat j\u016bs! 2.\u00a0Kuc\u0113nam uzreiz j\u0101nor\u0101da \u2013 kur vi\u0146\u0161 var iet un kur n\u0113. 3.\u00a0 Izmantojot gardumi\u0146us un slav\u0113\u0161anu, pa\u0161i apm\u0101ciet kuc\u0113nu izpild\u012bt elemnt\u0101r\u0101k\u0101s komandas. 4.\u00a0V\u0113lams apmekl\u0113t kuc\u0113nu apm\u0101c\u012bbas skolu ( apm. No 4 m\u0113n. [&hellip;]<\/p>\n","protected":false},"author":1,"featured_media":0,"parent":20,"menu_order":3,"comment_status":"open","ping_status":"open","template":"","meta":[],"_links":{"self":[{"href":"http:\/\/inasbasenji.com\/lv\/wp-json\/wp\/v2\/pages\/345"}],"collection":[{"href":"http:\/\/inasbasenji.com\/lv\/wp-json\/wp\/v2\/pages"}],"about":[{"href":"http:\/\/inasbasenji.com\/lv\/wp-json\/wp\/v2\/types\/page"}],"author":[{"embeddable":true,"href":"http:\/\/inasbasenji.com\/lv\/wp-json\/wp\/v2\/users\/1"}],"replies":[{"embeddable":true,"href":"http:\/\/inasbasenji.com\/lv\/wp-json\/wp\/v2\/comments?post=345"}],"version-history":[{"count":8,"href":"http:\/\/inasbasenji.com\/lv\/wp-json\/wp\/v2\/pages\/345\/revisions"}],"predecessor-version":[{"id":1988,"href":"http:\/\/inasbasenji.com\/lv\/wp-json\/wp\/v2\/pages\/345\/revisions\/1988"}],"up":[{"embeddable":true,"href":"http:\/\/inasbasenji.com\/lv\/wp-json\/wp\/v2\/pages\/20"}],"wp:attachment":[{"href":"http:\/\/inasbasenji.com\/lv\/wp-json\/wp\/v2\/media?parent=345"}],"curies":[{"name":"wp","href":"https:\/\/api.w.org\/{rel}","templated":true}]}}