{"id":334,"date":"2013-04-01T17:50:51","date_gmt":"2013-04-01T17:50:51","guid":{"rendered":"http:\/\/inasbasenji.com\/lv\/?page_id=334"},"modified":"2013-11-12T17:39:32","modified_gmt":"2013-11-12T17:39:32","slug":"kopsana","status":"publish","type":"page","link":"http:\/\/inasbasenji.com\/lv\/viss-par-basenji\/kopsana\/","title":{"rendered":"Kop\u0161ana"},"content":{"rendered":"<p><b><i>1.\u00a0 <\/i><\/b><b><i>Att\u0101rpo\u0161anu veikt\u00a04 reizes gad\u0101. Vienu reizi \u2013 oblig\u0101ti ned\u0113\u013cu pirms k\u0101rt\u0113j\u0101s vakcin\u0101cijas.<\/i><\/b><\/p>\n<p><b><i>2.\u00a0<\/i><\/b><b><i>Vakcin\u0101ciju OBLIG\u0100TI veikt katru gadu vien\u0101 un taj\u0101 pa\u0161\u0101 laik\u0101.<\/i><\/b><\/p>\n<p><b><i>3.\u00a0<\/i><\/b><b><i>J\u0101r\u016bp\u0113j\u0101s par sava su\u0146a pasarg\u0101\u0161anu no blus\u0101m un \u0113rc\u0113m. \u0160im nol\u016bkam ir pieejams pla\u0161s prepar\u0101tu kl\u0101sts \u2013 pilieni skaust\u0101, spreji, speci\u0101las kaklasiksni\u0146as. \u0160ie prepar\u0101ti j\u0101lieto visu blusu un \u0113r\u010du akivit\u0101tes laiku \u2013 no apr\u012b\u013ca l\u012bdz novembrim.<\/i><\/b><\/p>\n<p><b><i>4. <\/i><\/b><b><i>Regul\u0101ri t\u012briet sunim zobus.<\/i><\/b><\/p>\n<p><b><i>5. <\/i><\/b><b><i>Jau no kuc\u0113nu vecuma pieradiniet suni \u013caut apskat\u012bt savus zobus (ar\u012b sve\u0161iem cilv\u0113kiem).<\/i><\/b><\/p>\n<p><b><i>6. <\/i><\/b><b><i>Basen\u017ei j\u0101mazg\u0101 \u013coti reti: pirms izst\u0101d\u0113m, vai ar\u012b ja ir \u013coti nosm\u0113r\u0113jies.<\/i><\/b><\/p>\n<p><b><i>7. <\/i><\/b><b><i>J\u0101\u0137emm\u0113 p\u0113c vajadz\u012bbas \u2013 basen\u017ei spalvu met \u013coti maz.<\/i><\/b><\/p>\n<p><b><i>8.\u00a0<\/i><\/b><b><i>Regul\u0101ri apgrieziet nagus. P\u0113c \u0161\u012bs proced\u016bras pacien\u0101jiet kuc\u0113nu ar gadumi\u0146u.<\/i><\/b><\/p>\n<p><b><i>9. \u00a0<\/i><\/b><b><i>Acu un ausu t\u012br\u012b\u0161ana nepiecie\u0161ama \u013coti reti, iekaisumu varb\u016bt\u012bba ir \u013coti maza.<\/i><\/b><\/p>\n<p><b><i>10. \u00a0<\/i><\/b><b><i>Kuc\u0113ni m\u0101k nokartotie uz av\u012bzes. Izv\u0113l\u0113ties vietu kuc\u0113n tualetei (var net\u0101lu no vi\u0146u gu\u013casvietas) un nokl\u0101jiet to ar lielu daudzumu av\u012b\u017eu. Ja kuc\u0113ns uzt\u0101j\u012bgi nok\u0101rtojas cit\u0101 viet\u0101 \u2013 nokl\u0101jiet av\u012bzes tur(tikai ne pa visu dz\u012bvokli!). Kuc\u0113nam ir j\u0101zin , kur ir vi\u0146a tualete. Pak\u0101peniski samaziniet av\u012b\u017eu daudzumu, kam\u0113r paliek tikai viena un kuc\u0113ns c\u012bt\u012bgi nok\u0101rtojas tikai uz t\u0101s.<\/i><\/b><\/p>\n<p><b><i>11.\u00a0<\/i><\/b><b><i>Ja ir iesp\u0113ja, izvediet vai iznesiet kuc\u0113nu lauk\u0101 uzreiz p\u0113c pamo\u0161an\u0101s.<\/i><\/b><\/p>\n<p><b><i>12.\u00a0<\/i><\/b><b><i>Pirmaj\u0101 laik\u0101 v\u0113rt\u012bg\u0101k\u0101s lietas un apavus novietojiet kuc\u0113nam nepieejam\u0101s viet\u0101s.<\/i><\/b><\/p>\n<p><b><i>13. <\/i><\/b><b><i>Sunim ir j\u0101b\u016bt daudz sav\u0101m rota\u013cliet\u0101m. Sevi\u0161\u0137i vi\u0146iem pat\u012bk m\u012bkst\u0101s manti\u0146as.<\/i><\/b><\/p>\n<p><b><i>14.\u00a0 <\/i><\/b><b><i>Ja dom\u0101jat par izst\u0101\u017eu apmekl\u0113\u0161anu, pieradiniet kuc\u0113nu st\u0101v\u0113t uz galda vai cita paugstin\u0101juma un \u201esastingt\u201d izst\u0101\u017eu st\u0101j\u0101 (suns st\u0101v, dodam vi\u0146am gardumi\u0146u un slav\u0113jam). Radinit staig\u0101t izst\u0101\u017eu pavad\u0101.<\/i><\/b><\/p>\n<p><a href=\"http:\/\/inasbasenji.com\/lv\/wp-content\/uploads\/2013\/04\/44.png\"><img decoding=\"async\" loading=\"lazy\" class=\"alignnone size-full wp-image-342\" alt=\"44\" src=\"http:\/\/inasbasenji.com\/lv\/wp-content\/uploads\/2013\/04\/44.png\" width=\"379\" height=\"575\" srcset=\"http:\/\/inasbasenji.com\/lv\/wp-content\/uploads\/2013\/04\/44.png 379w, http:\/\/inasbasenji.com\/lv\/wp-content\/uploads\/2013\/04\/44-197x300.png 197w\" sizes=\"(max-width: 379px) 100vw, 379px\" \/><\/a><\/p>\n<p><b><i>15. \u00a0<\/i><\/b><b><i>M\u0101ciet suni p\u0113c pastaigas slauc\u012bt \u0137epas.<\/i><\/b><\/p>\n<p><b><i>\u00a0<\/i><\/b><\/p>\n","protected":false},"excerpt":{"rendered":"<p>1.\u00a0 Att\u0101rpo\u0161anu veikt\u00a04 reizes gad\u0101. Vienu reizi \u2013 oblig\u0101ti ned\u0113\u013cu pirms k\u0101rt\u0113j\u0101s vakcin\u0101cijas. 2.\u00a0Vakcin\u0101ciju OBLIG\u0100TI veikt katru gadu vien\u0101 un taj\u0101 pa\u0161\u0101 laik\u0101. 3.\u00a0J\u0101r\u016bp\u0113j\u0101s par sava su\u0146a pasarg\u0101\u0161anu no blus\u0101m un \u0113rc\u0113m. \u0160im nol\u016bkam ir pieejams pla\u0161s prepar\u0101tu kl\u0101sts \u2013 pilieni skaust\u0101, spreji, speci\u0101las kaklasiksni\u0146as. \u0160ie prepar\u0101ti j\u0101lieto visu blusu un \u0113r\u010du akivit\u0101tes laiku \u2013 [&hellip;]<\/p>\n","protected":false},"author":1,"featured_media":0,"parent":20,"menu_order":2,"comment_status":"open","ping_status":"open","template":"","meta":[],"_links":{"self":[{"href":"http:\/\/inasbasenji.com\/lv\/wp-json\/wp\/v2\/pages\/334"}],"collection":[{"href":"http:\/\/inasbasenji.com\/lv\/wp-json\/wp\/v2\/pages"}],"about":[{"href":"http:\/\/inasbasenji.com\/lv\/wp-json\/wp\/v2\/types\/page"}],"author":[{"embeddable":true,"href":"http:\/\/inasbasenji.com\/lv\/wp-json\/wp\/v2\/users\/1"}],"replies":[{"embeddable":true,"href":"http:\/\/inasbasenji.com\/lv\/wp-json\/wp\/v2\/comments?post=334"}],"version-history":[{"count":11,"href":"http:\/\/inasbasenji.com\/lv\/wp-json\/wp\/v2\/pages\/334\/revisions"}],"predecessor-version":[{"id":1987,"href":"http:\/\/inasbasenji.com\/lv\/wp-json\/wp\/v2\/pages\/334\/revisions\/1987"}],"up":[{"embeddable":true,"href":"http:\/\/inasbasenji.com\/lv\/wp-json\/wp\/v2\/pages\/20"}],"wp:attachment":[{"href":"http:\/\/inasbasenji.com\/lv\/wp-json\/wp\/v2\/media?parent=334"}],"curies":[{"name":"wp","href":"https:\/\/api.w.org\/{rel}","templated":true}]}}