{"id":308,"date":"2013-04-01T17:10:56","date_gmt":"2013-04-01T17:10:56","guid":{"rendered":"http:\/\/inasbasenji.com\/lv\/?page_id=308"},"modified":"2013-08-16T20:09:03","modified_gmt":"2013-08-16T20:09:03","slug":"barosana","status":"publish","type":"page","link":"http:\/\/inasbasenji.com\/lv\/viss-par-basenji\/barosana\/","title":{"rendered":"Baro\u0161ana"},"content":{"rendered":"<p><b><i>1.\u00a0\u00a0\u00a0\u00a0 <\/i><\/b><b><i>Kuc\u0113nam j\u0101b\u016bt div\u0101m b\u013codi\u0146\u0101m \u2013 viena \u016bdenim (vienm\u0113r j\u0101b\u016bt t\u012bram \u016bdenim), otra bar\u012bbai. Bar\u012bb\u0101i b\u013codi\u0146\u0101 j\u0101b\u016bt\u00a0\u00a0tikai baro\u0161anas laik\u0101.<\/i><\/b><\/p>\n<p><b><i>2.\u00a0\u00a0\u00a0\u00a0 <\/i><\/b><b><i>4-5 m\u0113ne\u0161u vecam kuc\u0113nam j\u0101\u0113d 4 reizes dien\u0101. No 5 m\u0113ne\u0161u vecuma \u2013 3 reizes. No gada vecuma \u2013 2 reizes dien\u0101.<\/i><\/b><\/p>\n<p><b><i>3.\u00a0\u00a0\u00a0\u00a0 <\/i><\/b><b><i>P\u0113c \u0113dienreizes ierobe\u017eot fizisko slodzi. Pastaig\u0101 lab\u0101k doties pirms baro\u0161anas.<\/i><\/b><\/p>\n<p><b><i>4.\u00a0\u00a0\u00a0\u00a0 <\/i><\/b><b><i>Gardumus ieteicams dot reti.<\/i><\/b><\/p>\n<p><b><i>5.\u00a0\u00a0\u00a0\u00a0 <\/i><\/b><b><i>Nepieradiniet suni sa\u0146emt bar\u012bbu no galda.<\/i><\/b><\/p>\n<p><b><i>6.\u00a0\u00a0\u00a0\u00a0 <\/i><\/b><b><i>Barojiet suni p\u0113c tam, kad pa\u0161i esat pa\u0113du\u0161i.<\/i><\/b><\/p>\n<p><b><i>7.\u00a0\u00a0\u00a0\u00a0 <\/i><\/b><b><i>L\u012bdz 3 m\u0113ne\u0161u vecumam sauso bar\u012bbu lab\u0101k izm\u0113rc\u0113t.<\/i><\/b><\/p>\n<p><b><i>8.\u00a0\u00a0\u00a0\u00a0<\/i><\/b><b><i>Ja izdom\u0101jat nomain\u012bt bar\u012bbu, tad dariet to pak\u0101peniski \u2013 pamaz\u0101m pie vec\u0101s bar\u012bbas piejauciet jauno. <\/i><\/b><\/p>\n<p><b><i>Iesaku dot <\/i><\/b><\/p>\n<p><a href=\"http:\/\/inasbasenji.com\/lv\/wp-content\/uploads\/2013\/04\/42.png\"><img decoding=\"async\" loading=\"lazy\" class=\"alignnone size-full wp-image-319\" alt=\"42\" src=\"http:\/\/inasbasenji.com\/lv\/wp-content\/uploads\/2013\/04\/42.png\" width=\"612\" height=\"156\" srcset=\"http:\/\/inasbasenji.com\/lv\/wp-content\/uploads\/2013\/04\/42.png 612w, http:\/\/inasbasenji.com\/lv\/wp-content\/uploads\/2013\/04\/42-300x76.png 300w\" sizes=\"(max-width: 612px) 100vw, 612px\" \/><\/a><\/p>\n<p><a href=\"http:\/\/inasbasenji.com\/lv\/wp-content\/uploads\/2013\/04\/39.png\"><img decoding=\"async\" loading=\"lazy\" class=\"alignnone size-full wp-image-317\" alt=\"39\" src=\"http:\/\/inasbasenji.com\/lv\/wp-content\/uploads\/2013\/04\/39.png\" width=\"606\" height=\"276\" srcset=\"http:\/\/inasbasenji.com\/lv\/wp-content\/uploads\/2013\/04\/39.png 606w, http:\/\/inasbasenji.com\/lv\/wp-content\/uploads\/2013\/04\/39-300x136.png 300w\" sizes=\"(max-width: 606px) 100vw, 606px\" \/><\/a><\/p>\n<p><a href=\"http:\/\/inasbasenji.com\/lv\/wp-content\/uploads\/2013\/04\/40.png\"><img decoding=\"async\" loading=\"lazy\" class=\"alignnone size-full wp-image-321\" alt=\"40\" src=\"http:\/\/inasbasenji.com\/lv\/wp-content\/uploads\/2013\/04\/40.png\" width=\"621\" height=\"253\" srcset=\"http:\/\/inasbasenji.com\/lv\/wp-content\/uploads\/2013\/04\/40.png 621w, http:\/\/inasbasenji.com\/lv\/wp-content\/uploads\/2013\/04\/40-300x122.png 300w\" sizes=\"(max-width: 621px) 100vw, 621px\" \/><\/a><\/p>\n<p><a href=\"http:\/\/inasbasenji.com\/lv\/wp-content\/uploads\/2013\/04\/41.png\"><img decoding=\"async\" loading=\"lazy\" class=\"alignnone size-full wp-image-323\" alt=\"41\" src=\"http:\/\/inasbasenji.com\/lv\/wp-content\/uploads\/2013\/04\/41.png\" width=\"613\" height=\"287\" srcset=\"http:\/\/inasbasenji.com\/lv\/wp-content\/uploads\/2013\/04\/41.png 613w, http:\/\/inasbasenji.com\/lv\/wp-content\/uploads\/2013\/04\/41-300x140.png 300w\" sizes=\"(max-width: 613px) 100vw, 613px\" \/><\/a><\/p>\n<p><a href=\"http:\/\/inasbasenji.com\/lv\/wp-content\/uploads\/2013\/04\/43.png\"><img decoding=\"async\" loading=\"lazy\" class=\"alignnone size-full wp-image-331\" alt=\"43\" src=\"http:\/\/inasbasenji.com\/lv\/wp-content\/uploads\/2013\/04\/43.png\" width=\"611\" height=\"423\" srcset=\"http:\/\/inasbasenji.com\/lv\/wp-content\/uploads\/2013\/04\/43.png 611w, http:\/\/inasbasenji.com\/lv\/wp-content\/uploads\/2013\/04\/43-300x207.png 300w\" sizes=\"(max-width: 611px) 100vw, 611px\" \/><\/a><\/p>\n","protected":false},"excerpt":{"rendered":"<p>1.\u00a0\u00a0\u00a0\u00a0 Kuc\u0113nam j\u0101b\u016bt div\u0101m b\u013codi\u0146\u0101m \u2013 viena \u016bdenim (vienm\u0113r j\u0101b\u016bt t\u012bram \u016bdenim), otra bar\u012bbai. Bar\u012bb\u0101i b\u013codi\u0146\u0101 j\u0101b\u016bt\u00a0\u00a0tikai baro\u0161anas laik\u0101. 2.\u00a0\u00a0\u00a0\u00a0 4-5 m\u0113ne\u0161u vecam kuc\u0113nam j\u0101\u0113d 4 reizes dien\u0101. No 5 m\u0113ne\u0161u vecuma \u2013 3 reizes. No gada vecuma \u2013 2 reizes dien\u0101. 3.\u00a0\u00a0\u00a0\u00a0 P\u0113c \u0113dienreizes ierobe\u017eot fizisko slodzi. Pastaig\u0101 lab\u0101k doties pirms baro\u0161anas. 4.\u00a0\u00a0\u00a0\u00a0 Gardumus [&hellip;]<\/p>\n","protected":false},"author":1,"featured_media":0,"parent":20,"menu_order":1,"comment_status":"open","ping_status":"open","template":"","meta":[],"_links":{"self":[{"href":"http:\/\/inasbasenji.com\/lv\/wp-json\/wp\/v2\/pages\/308"}],"collection":[{"href":"http:\/\/inasbasenji.com\/lv\/wp-json\/wp\/v2\/pages"}],"about":[{"href":"http:\/\/inasbasenji.com\/lv\/wp-json\/wp\/v2\/types\/page"}],"author":[{"embeddable":true,"href":"http:\/\/inasbasenji.com\/lv\/wp-json\/wp\/v2\/users\/1"}],"replies":[{"embeddable":true,"href":"http:\/\/inasbasenji.com\/lv\/wp-json\/wp\/v2\/comments?post=308"}],"version-history":[{"count":35,"href":"http:\/\/inasbasenji.com\/lv\/wp-json\/wp\/v2\/pages\/308\/revisions"}],"predecessor-version":[{"id":310,"href":"http:\/\/inasbasenji.com\/lv\/wp-json\/wp\/v2\/pages\/308\/revisions\/310"}],"up":[{"embeddable":true,"href":"http:\/\/inasbasenji.com\/lv\/wp-json\/wp\/v2\/pages\/20"}],"wp:attachment":[{"href":"http:\/\/inasbasenji.com\/lv\/wp-json\/wp\/v2\/media?parent=308"}],"curies":[{"name":"wp","href":"https:\/\/api.w.org\/{rel}","templated":true}]}}