{"id":30,"date":"2013-03-27T18:12:32","date_gmt":"2013-03-27T18:12:32","guid":{"rendered":"http:\/\/inasbasenji.com\/lv\/?page_id=30"},"modified":"2013-12-17T09:14:37","modified_gmt":"2013-12-17T09:14:37","slug":"vestureizcelsme","status":"publish","type":"page","link":"http:\/\/inasbasenji.com\/lv\/viss-par-basenji\/vestureizcelsme\/","title":{"rendered":"V\u0113sture"},"content":{"rendered":"<p><b><i><a href=\"http:\/\/inasbasenji.com\/lv\/wp-content\/uploads\/2013\/03\/1b.png\"><img decoding=\"async\" loading=\"lazy\" class=\"alignnone size-full wp-image-240\" alt=\"1b\" src=\"http:\/\/inasbasenji.com\/lv\/wp-content\/uploads\/2013\/03\/1b.png\" width=\"385\" height=\"379\" srcset=\"http:\/\/inasbasenji.com\/lv\/wp-content\/uploads\/2013\/03\/1b.png 385w, http:\/\/inasbasenji.com\/lv\/wp-content\/uploads\/2013\/03\/1b-300x295.png 300w\" sizes=\"(max-width: 385px) 100vw, 385px\" \/><\/a><\/i><\/b><\/p>\n<p><b><i>Basen\u017ei \u2013 mazs, \u012bsspalvains med\u012bbu suns, kas apdz\u012bvo Kongo, Sud\u0101nas, Lib\u0113rijas teritorijas. L\u012bdz\u012bgus su\u0146us var satikt ar\u012b Malajas d\u017eung\u013cos. Tie ir iev\u0113rojami ar to, ka nem\u0101k riet, bet vi\u0146i nav m\u0113mie su\u0146i. Basen\u017ei izdot \u012bpatn\u0113jas, d\u012bvainas ska\u0146as \u2013 it k\u0101 sajaucoties smiekliem un jodel\u0113\u0161anai (tirolie\u0161u dzied\u0101\u0161ana, rakstur\u012bga ska\u0146a aukst\u0101s frekvenc\u0113s).<\/i><\/b><\/p>\n<p><a href=\"http:\/\/inasbasenji.com\/lv\/wp-content\/uploads\/2013\/03\/2a.png\"><img decoding=\"async\" loading=\"lazy\" class=\"alignnone size-full wp-image-156\" style=\"width: 407px; height: 274px;\" alt=\"2a\" src=\"http:\/\/inasbasenji.com\/lv\/wp-content\/uploads\/2013\/03\/2a.png\" width=\"579\" height=\"343\" srcset=\"http:\/\/inasbasenji.com\/lv\/wp-content\/uploads\/2013\/03\/2a.png 579w, http:\/\/inasbasenji.com\/lv\/wp-content\/uploads\/2013\/03\/2a-300x177.png 300w\" sizes=\"(max-width: 579px) 100vw, 579px\" \/><\/a><\/p>\n<p><em><strong>\u0112\u0123iptes faraonu kape\u0146u bareljefos att\u0113lotie su\u0146i, p\u0113c izskata \u013coti atg\u0101dina Basen\u017ei. Jau piekt\u0101s dinastijas \u0112\u0123iptes faraona Tutanhamona kapen\u0113s tika atrasti iebalzam\u0113ti su\u0146i kas l\u012bdz\u012bgi basen\u017ei, tie bija iet\u012bti ar skaistos audumos un vi\u0146u kakla siksni\u0146as izrot\u0101tas ar d\u0101rgakme\u0146iem. Basen\u017ei faraoniem bija ne tikai med\u012bbu su\u0146i bet ar\u012b dz\u012bvie amuleti, kas pasarg\u0101ja savus valdniekus ,no meln\u0101s ma\u0123ijas un burvest\u012bb\u0101m. Iesp\u0113jams, ka basen\u017ei c\u0113lu\u0161ies no Centr\u0101l\u0101frikas su\u0146iem \u2013 p\u0101rijiem.<\/strong><\/em><\/p>\n<p><a href=\"http:\/\/inasbasenji.com\/lv\/wp-content\/uploads\/2013\/03\/3a.png\"><img decoding=\"async\" loading=\"lazy\" class=\"alignnone size-full wp-image-160\" alt=\"3a\" src=\"http:\/\/inasbasenji.com\/lv\/wp-content\/uploads\/2013\/03\/3a.png\" width=\"551\" height=\"495\" srcset=\"http:\/\/inasbasenji.com\/lv\/wp-content\/uploads\/2013\/03\/3a.png 551w, http:\/\/inasbasenji.com\/lv\/wp-content\/uploads\/2013\/03\/3a-300x269.png 300w\" sizes=\"(max-width: 551px) 100vw, 551px\" \/><\/a><\/p>\n<p><b><i>1800. gada beig\u0101s rietumu ce\u013cot\u0101ji d\u0113v\u0113ja basen\u017eus da\u017e\u0101di: Kongo terjers, Zande suns, afrik\u0101\u0146u me\u017e\u0101 suns, Lagosas me\u017ea suns, Bango terjers, \u0146am \u2013 \u0146am terjers.<\/i><\/b><\/p>\n<p><b><i>19.gadsimta vid\u016b \u0161o neparasto su\u0146u \u0161\u0137irni p\u0113tnieki atradu\u0161i Kongo un Dienvidu Sud\u0101n\u0101, kur viet\u0113jie iedz\u012bvot\u0101ji tos izmantoja med\u012bb\u0101s. Kongo basen\u017ei med\u012b baros, iedzenot med\u012bjumu t\u012bkl\u0101, pie su\u0146iem bie\u017ei uzvelkot zvani\u0146u. Viet\u0113jo iedz\u012bvot\u0101ju m\u0113l\u0113 v\u0101rds basen\u017ei noz\u012bm\u0113 \u201eme\u017ea rad\u012bjums\u201d<\/i><\/b><\/p>\n<p><b><i> <a href=\"http:\/\/inasbasenji.com\/lv\/wp-content\/uploads\/2013\/03\/4a.png\"><img decoding=\"async\" loading=\"lazy\" class=\"alignnone size-full wp-image-164\" alt=\"4a\" src=\"http:\/\/inasbasenji.com\/lv\/wp-content\/uploads\/2013\/03\/4a.png\" width=\"383\" height=\"287\" srcset=\"http:\/\/inasbasenji.com\/lv\/wp-content\/uploads\/2013\/03\/4a.png 383w, http:\/\/inasbasenji.com\/lv\/wp-content\/uploads\/2013\/03\/4a-300x224.png 300w\" sizes=\"(max-width: 383px) 100vw, 383px\" \/><\/a><\/i><\/b><\/p>\n<p><b><i>1895. gad\u0101 ang\u013cu j\u016brnieki pirmo reizi atveda \u0161os neparastos su\u0146us uz Angliju. Bet \u0161eit tie saslimu\u0161i ar m\u0113ri un nomiru\u0161i. Un tikai\u00a0 1937.gad\u0101 ang\u013ciem rodas iesp\u0113ja vair\u0101k iepaz\u012bt\u00a0 \u0161o\u00a0 \u0161\u0137irni\u00a0 &#8211; no \u0100frikas\u00a0 atvestie basen\u017ei\u00a0 tika izst\u0101d\u012bti zoolo\u0123iskaj\u0101\u00a0 d\u0101rz\u0101.\u00a0 Taj\u0101 pa\u0161\u0101 gad\u0101 ar\u012b uz Ameriku atvests basen\u017eu p\u0101ris. Bet, diem\u017e\u0113l, kuce ar kuc\u0113niem g\u0101ja boj\u0101 no m\u0113ra. <\/i><\/b><\/p>\n<p><b><i>1941. gad\u0101 uz Bostonu no \u0100frikas atvesta kuce, kura tika sap\u0101rota ar iepriek\u0161 atvesto suni, un san\u0101ca pirmais metiens Amerik\u0101.<\/i><\/b><\/p>\n<p><b><i>T\u0101 sak\u0101s basen\u017eu audz\u0113\u0161ana ASV, Kan\u0101d\u0101, Anglij\u0101 un p\u0113c tam ar\u012b cit\u0101s Eiropas valst\u012bs. Krievij\u0101 basen\u017ei par\u0101d\u012bj\u0101s 1997. gad\u0101. Tie bija su\u0146i no fran\u010du audz\u0113tavas \u00abOut of Afrika\u00bb, un pirmais metiens bija 1998. gad\u0101. Su\u0146i no Krievijas audz\u0113tav\u0101m ieg\u016bst augstas atz\u012bmes no \u0101rzemju ekspertiem. <\/i><\/b><\/p>\n<p><b><i> <a href=\"http:\/\/inasbasenji.com\/lv\/wp-content\/uploads\/2013\/03\/5a.png\"><img decoding=\"async\" loading=\"lazy\" class=\"alignnone size-full wp-image-167\" alt=\"5a\" src=\"http:\/\/inasbasenji.com\/lv\/wp-content\/uploads\/2013\/03\/5a.png\" width=\"494\" height=\"380\" srcset=\"http:\/\/inasbasenji.com\/lv\/wp-content\/uploads\/2013\/03\/5a.png 494w, http:\/\/inasbasenji.com\/lv\/wp-content\/uploads\/2013\/03\/5a-300x230.png 300w\" sizes=\"(max-width: 494px) 100vw, 494px\" \/><\/a><\/i><\/b><\/p>\n<p><b><i>Agr\u0101k standarts iz\u0161\u0137\u012bra divus veidus basen\u017ei: l\u012bdzenuma (augums 40cm, kr\u0101sa \u2013 salmu kr\u0101sa ar baltu) un me\u017ea (maz\u0101ka auguma, tum\u0161\u0101k\u0101 kr\u0101sa). Otra nosaukuma da\u013ca \u2013 \u201eterjers\u201d, iesp\u0113jams, asoci\u0113jas ar to, ka su\u0146i l\u012bdz\u012bgi ang\u013cu kr\u016bmu terjeram, med\u012bja niedru \u017eurkas, kuras aborig\u0113ni lietoja uztur\u0101<\/i><\/b><i>. <\/i><\/p>\n<p><a href=\"http:\/\/inasbasenji.com\/lv\/wp-content\/uploads\/2013\/03\/6a.png\"><img decoding=\"async\" loading=\"lazy\" class=\"alignnone size-full wp-image-170\" alt=\"6a\" src=\"http:\/\/inasbasenji.com\/lv\/wp-content\/uploads\/2013\/03\/6a.png\" width=\"522\" height=\"425\" srcset=\"http:\/\/inasbasenji.com\/lv\/wp-content\/uploads\/2013\/03\/6a.png 522w, http:\/\/inasbasenji.com\/lv\/wp-content\/uploads\/2013\/03\/6a-300x244.png 300w\" sizes=\"(max-width: 522px) 100vw, 522px\" \/><\/a><\/p>\n<p><b><i>Labi sabalans\u0113ti, vieglas miesas b\u016bves, gark\u0101jaini, ar elegantu, aristokr\u0101tisku izskatu, modrs un gudrs dz\u012bvnieks. Galva ar spic\u0101m, st\u0101vo\u0161\u0101m aus\u012bm, sasprindzin\u0101t\u0101 st\u0101vokl\u012b pieri sedz tievas krunkas, kakls augsti novietots, ar graciozu izliekumu, dzi\u013cas, m\u0113reni dzi\u013cas kr\u016btis, pievilkts \u00a0v\u0113deru, augstu novietot\u0101 aste cie\u0161i savilkt\u0101 gredzen\u0101 &#8211; tas viss veido smalku aristokr\u0101tisku t\u0113lu.<\/i><\/b><\/p>\n<p><a href=\"http:\/\/inasbasenji.com\/lv\/wp-content\/uploads\/2013\/03\/7a.png\"><img decoding=\"async\" loading=\"lazy\" class=\"alignnone size-full wp-image-173\" alt=\"7a\" src=\"http:\/\/inasbasenji.com\/lv\/wp-content\/uploads\/2013\/03\/7a.png\" width=\"443\" height=\"440\" srcset=\"http:\/\/inasbasenji.com\/lv\/wp-content\/uploads\/2013\/03\/7a.png 443w, http:\/\/inasbasenji.com\/lv\/wp-content\/uploads\/2013\/03\/7a-150x150.png 150w, http:\/\/inasbasenji.com\/lv\/wp-content\/uploads\/2013\/03\/7a-300x297.png 300w\" sizes=\"(max-width: 443px) 100vw, 443px\" \/><\/a><\/p>\n<p><b><i>Basen\u017ei ir burv\u012bgs un m\u012b\u013c\u0161, kompanjons, turkl\u0101t, \u013coti rota\u013c\u012bgs un maigs, k\u0101 ka\u0137\u0113ns. \u0160\u012bs \u0161\u0137irnes suns su\u0146iem ir rakstur\u012bgs neparasts t\u012br\u012bgums \u2013 tie mazg\u0101j\u0101s glu\u017ei k\u0101 ka\u0137i, tiem nav su\u0146iem rakstur\u012bg\u0101s smakas, t\u0101d\u0113\u013c tie ir ide\u0101li m\u0101jdz\u012bvnieki tiem, kam r\u016bp nevainojama m\u0101jas t\u012br\u012bba<\/i><\/b><\/p>\n<p><b><i>Ar\u012b ar b\u0113rniem Basen\u017ei ir m\u012bl\u012bgs, bet ar saviem \u010detrk\u0101jainaiem s\u016bgasbr\u0101liem var iesaist\u012bties c\u012b\u0146\u0101. \u00a0<\/i><\/b><\/p>\n<p><b><i>Pie \u0161\u012bs \u0161\u0137irnes m\u012b\u013cot\u0101jiem pieder pasaules elites p\u0101rst\u0101vji. Bijus\u012b Holandes karaliene D\u017euliana, kurai vi\u0146as jubilej\u0101 pasniedza portretu, kur\u0101 vi\u0146a att\u0113lota ar savu\u00a0 m\u012bluli &#8211;\u00a0 Basen\u017ei\u00a0 Zaru. \u0112\u0123iptie\u0161u karalis Faruks, pat p\u0113c atteik\u0161an\u0101s no tro\u0146a un aizbraucot uz Monako, ne\u0161\u0137\u012br\u0101s ar saviem m\u012blu\u013ciem. Daudzi pasaules kara\u013cu nami gadu desmitiem \u00a0tur \u0161o su\u0146u\u00a0 \u0161\u0137irni. <\/i><\/b><b><\/b><\/p>\n<p><a href=\"http:\/\/inasbasenji.com\/lv\/wp-content\/uploads\/2013\/03\/karta-basenji.png\"><img decoding=\"async\" loading=\"lazy\" class=\"alignleft  wp-image-1350\" alt=\"karta basenji\" src=\"http:\/\/inasbasenji.com\/lv\/wp-content\/uploads\/2013\/03\/karta-basenji.png\" width=\"601\" height=\"500\" srcset=\"http:\/\/inasbasenji.com\/lv\/wp-content\/uploads\/2013\/03\/karta-basenji.png 668w, http:\/\/inasbasenji.com\/lv\/wp-content\/uploads\/2013\/03\/karta-basenji-300x249.png 300w\" sizes=\"(max-width: 601px) 100vw, 601px\" \/><\/a><\/p>\n","protected":false},"excerpt":{"rendered":"<p>Basen\u017ei \u2013 mazs, \u012bsspalvains med\u012bbu suns, kas apdz\u012bvo Kongo, Sud\u0101nas, Lib\u0113rijas teritorijas. L\u012bdz\u012bgus su\u0146us var satikt ar\u012b Malajas d\u017eung\u013cos. Tie ir iev\u0113rojami ar to, ka nem\u0101k riet, bet vi\u0146i nav m\u0113mie su\u0146i. Basen\u017ei izdot \u012bpatn\u0113jas, d\u012bvainas ska\u0146as \u2013 it k\u0101 sajaucoties smiekliem un jodel\u0113\u0161anai (tirolie\u0161u dzied\u0101\u0161ana, rakstur\u012bga ska\u0146a aukst\u0101s frekvenc\u0113s). \u0112\u0123iptes faraonu kape\u0146u bareljefos att\u0113lotie [&hellip;]<\/p>\n","protected":false},"author":1,"featured_media":0,"parent":20,"menu_order":0,"comment_status":"open","ping_status":"open","template":"","meta":[],"_links":{"self":[{"href":"http:\/\/inasbasenji.com\/lv\/wp-json\/wp\/v2\/pages\/30"}],"collection":[{"href":"http:\/\/inasbasenji.com\/lv\/wp-json\/wp\/v2\/pages"}],"about":[{"href":"http:\/\/inasbasenji.com\/lv\/wp-json\/wp\/v2\/types\/page"}],"author":[{"embeddable":true,"href":"http:\/\/inasbasenji.com\/lv\/wp-json\/wp\/v2\/users\/1"}],"replies":[{"embeddable":true,"href":"http:\/\/inasbasenji.com\/lv\/wp-json\/wp\/v2\/comments?post=30"}],"version-history":[{"count":207,"href":"http:\/\/inasbasenji.com\/lv\/wp-json\/wp\/v2\/pages\/30\/revisions"}],"predecessor-version":[{"id":37,"href":"http:\/\/inasbasenji.com\/lv\/wp-json\/wp\/v2\/pages\/30\/revisions\/37"}],"up":[{"embeddable":true,"href":"http:\/\/inasbasenji.com\/lv\/wp-json\/wp\/v2\/pages\/20"}],"wp:attachment":[{"href":"http:\/\/inasbasenji.com\/lv\/wp-json\/wp\/v2\/media?parent=30"}],"curies":[{"name":"wp","href":"https:\/\/api.w.org\/{rel}","templated":true}]}}