{"id":2598,"date":"2014-02-02T21:14:32","date_gmt":"2014-02-02T21:14:32","guid":{"rendered":"http:\/\/inasbasenji.com\/lv\/?page_id=2598"},"modified":"2016-06-05T17:49:38","modified_gmt":"2016-06-05T17:49:38","slug":"kucenu-pardosana","status":"publish","type":"page","link":"http:\/\/inasbasenji.com\/lv\/kucenu-pardosana\/","title":{"rendered":"!!! Kuc\u0113nu p\u0101rdo\u0161ana"},"content":{"rendered":"<p style=\"text-align: center;\">.<\/p>\n<p style=\"text-align: center;\">***<\/p>\n<p style=\"text-align: center;\">\n<p style=\"text-align: center;\">***<\/p>\n<p style=\"text-align: center;\">\n<p style=\"text-align: center;\">***<\/p>\n<p style=\"text-align: center;\">***<\/p>\n<p style=\"text-align: center;\">***<\/p>\n<p style=\"text-align: center;\"><a href=\"http:\/\/inasbasenji.com\/lv\/wp-content\/uploads\/2014\/02\/kuceni-4.png\"><img decoding=\"async\" loading=\"lazy\" class=\"size-full wp-image-3907 aligncenter\" src=\"http:\/\/inasbasenji.com\/lv\/wp-content\/uploads\/2014\/02\/kuceni-4.png\" alt=\"kuceni 4\" width=\"548\" height=\"155\" srcset=\"http:\/\/inasbasenji.com\/lv\/wp-content\/uploads\/2014\/02\/kuceni-4.png 548w, http:\/\/inasbasenji.com\/lv\/wp-content\/uploads\/2014\/02\/kuceni-4-300x84.png 300w\" sizes=\"(max-width: 548px) 100vw, 548px\" \/><\/a><\/p>\n","protected":false},"excerpt":{"rendered":"<p>. *** *** *** *** ***<\/p>\n","protected":false},"author":1,"featured_media":0,"parent":0,"menu_order":3,"comment_status":"open","ping_status":"open","template":"","meta":[],"_links":{"self":[{"href":"http:\/\/inasbasenji.com\/lv\/wp-json\/wp\/v2\/pages\/2598"}],"collection":[{"href":"http:\/\/inasbasenji.com\/lv\/wp-json\/wp\/v2\/pages"}],"about":[{"href":"http:\/\/inasbasenji.com\/lv\/wp-json\/wp\/v2\/types\/page"}],"author":[{"embeddable":true,"href":"http:\/\/inasbasenji.com\/lv\/wp-json\/wp\/v2\/users\/1"}],"replies":[{"embeddable":true,"href":"http:\/\/inasbasenji.com\/lv\/wp-json\/wp\/v2\/comments?post=2598"}],"version-history":[{"count":89,"href":"http:\/\/inasbasenji.com\/lv\/wp-json\/wp\/v2\/pages\/2598\/revisions"}],"predecessor-version":[{"id":4836,"href":"http:\/\/inasbasenji.com\/lv\/wp-json\/wp\/v2\/pages\/2598\/revisions\/4836"}],"wp:attachment":[{"href":"http:\/\/inasbasenji.com\/lv\/wp-json\/wp\/v2\/media?parent=2598"}],"curies":[{"name":"wp","href":"https:\/\/api.w.org\/{rel}","templated":true}]}}