{"id":20,"date":"2013-03-25T08:31:22","date_gmt":"2013-03-25T08:31:22","guid":{"rendered":"http:\/\/inasbasenji.com\/lv\/?page_id=20"},"modified":"2014-03-31T04:21:45","modified_gmt":"2014-03-31T04:21:45","slug":"viss-par-basenji","status":"publish","type":"page","link":"http:\/\/inasbasenji.com\/lv\/viss-par-basenji\/","title":{"rendered":"Viss par Basenji"},"content":{"rendered":"<p><a href=\"http:\/\/inasbasenji.com\/lv\/wp-content\/uploads\/2013\/03\/25.png\"><img decoding=\"async\" loading=\"lazy\" class=\"alignnone size-full wp-image-295\" alt=\"25\" src=\"http:\/\/inasbasenji.com\/lv\/wp-content\/uploads\/2013\/03\/25.png\" width=\"381\" height=\"574\" srcset=\"http:\/\/inasbasenji.com\/lv\/wp-content\/uploads\/2013\/03\/25.png 381w, http:\/\/inasbasenji.com\/lv\/wp-content\/uploads\/2013\/03\/25-199x300.png 199w\" sizes=\"(max-width: 381px) 100vw, 381px\" \/><\/a><\/p>\n<p><b><i>\u00a0\u00a0\u00a0\u00a0\u00a0 \u0160odien basen\u017ei ir \u013coti popul\u0101ri k\u0101 kompanjoni un \u0123imenes m\u012blu\u013ci, jo tie ir neliela auguma, ar spilgtu un aristokr\u0101tisku izskatu, nerej, tiem nav su\u0146iem rakstur\u012bg\u0101s smakas.<\/i><\/b><\/p>\n<p><b><i>\u00a0\u00a0\u00a0\u00a0 Nav viegli apm\u0101c\u0101mi!<\/i><\/b><\/p>\n<p><b><i>\u00a0\u00a0\u00a0\u00a0 Pateicoties savam temperamentam, basen\u017ei ir \u013coti akt\u012bvi t\u0101dos su\u0146u sporta veidos k\u0101 kursings un ad\u017eiliti. \u013boti labi par\u0101da sevi izst\u0101d\u0113s.<\/i><\/b><\/p>\n<p><b><i><span style=\"text-decoration: underline;\">BASEN\u017dI \u0160\u0136IRNES RAKSTUROJUMS.<\/span><\/i><\/b><\/p>\n<p><b><i>\u00a0 Stiprs, ener\u0123isks, neatkar\u012bgs, psihiski l\u012bdzsvarots suns. Labi satiek ar b\u0113rniem. Pret sve\u0161iem rezerv\u0113ts.<\/i><\/b><\/p>\n<p><b><i>\u00a0 Nerej, bet var melodiski gaudot, vai izdot ska\u0146as, kas l\u012bdzin\u0101s jodel\u0113\u0161anai.<\/i><\/b><\/p>\n<p><b><i>J\u0101apm\u0101ca mier\u012bgi, bet ar stingr\u012bbu no saimnieka puses.<\/i><\/b><\/p>\n<p><b><i>\u00a0<span style=\"text-decoration: underline;\">\u012aPA\u0160AS PIEZ\u012aMES<\/span><\/i><\/b><\/p>\n<p><b><i>Basen\u017ei kuce parasti mekl\u0113jas tikai vienreiz gad\u0101<\/i><\/b><\/p>\n<p><b><i>\u00a0<span style=\"text-decoration: underline;\">BASEN\u017dI TUR\u0112\u0160ANA UN KOP\u0160ANA.<\/span><\/i><\/b><\/p>\n<p><b><i>\u00a0<\/i><\/b><b><i>Basen\u017ei var adapt\u0113ties dz\u012bvei pils\u0113t\u0101 \u2013 nepiecie\u0161amas ikdienas pastaigas. Nepat\u012bk palikt vienatn\u0113. \u013boti t\u012br\u012bgs suns \u2013 kopj sevi k\u0101 ka\u0137is, nav su\u0146iem rakstur\u012bg\u0101s smakas. Apspalvojumu var kopt ar speci\u0101lu cimdu vai mitru dr\u0101ni\u0146u.<\/i><\/b><\/p>\n<p><a href=\"http:\/\/www.youtube.com\/watch?v=_dC1JUXUbaU\">http:\/\/www.youtube.com\/watch?v=_dC1JUXUbaU<\/a><\/p>\n","protected":false},"excerpt":{"rendered":"<p>\u00a0\u00a0\u00a0\u00a0\u00a0 \u0160odien basen\u017ei ir \u013coti popul\u0101ri k\u0101 kompanjoni un \u0123imenes m\u012blu\u013ci, jo tie ir neliela auguma, ar spilgtu un aristokr\u0101tisku izskatu, nerej, tiem nav su\u0146iem rakstur\u012bg\u0101s smakas. \u00a0\u00a0\u00a0\u00a0 Nav viegli apm\u0101c\u0101mi! \u00a0\u00a0\u00a0\u00a0 Pateicoties savam temperamentam, basen\u017ei ir \u013coti akt\u012bvi t\u0101dos su\u0146u sporta veidos k\u0101 kursings un ad\u017eiliti. \u013boti labi par\u0101da sevi izst\u0101d\u0113s. BASEN\u017dI \u0160\u0136IRNES RAKSTUROJUMS. [&hellip;]<\/p>\n","protected":false},"author":1,"featured_media":0,"parent":0,"menu_order":7,"comment_status":"open","ping_status":"open","template":"","meta":[],"_links":{"self":[{"href":"http:\/\/inasbasenji.com\/lv\/wp-json\/wp\/v2\/pages\/20"}],"collection":[{"href":"http:\/\/inasbasenji.com\/lv\/wp-json\/wp\/v2\/pages"}],"about":[{"href":"http:\/\/inasbasenji.com\/lv\/wp-json\/wp\/v2\/types\/page"}],"author":[{"embeddable":true,"href":"http:\/\/inasbasenji.com\/lv\/wp-json\/wp\/v2\/users\/1"}],"replies":[{"embeddable":true,"href":"http:\/\/inasbasenji.com\/lv\/wp-json\/wp\/v2\/comments?post=20"}],"version-history":[{"count":22,"href":"http:\/\/inasbasenji.com\/lv\/wp-json\/wp\/v2\/pages\/20\/revisions"}],"predecessor-version":[{"id":3065,"href":"http:\/\/inasbasenji.com\/lv\/wp-json\/wp\/v2\/pages\/20\/revisions\/3065"}],"wp:attachment":[{"href":"http:\/\/inasbasenji.com\/lv\/wp-json\/wp\/v2\/media?parent=20"}],"curies":[{"name":"wp","href":"https:\/\/api.w.org\/{rel}","templated":true}]}}