{"id":182,"date":"2013-03-29T18:41:54","date_gmt":"2013-03-29T18:41:54","guid":{"rendered":"http:\/\/inasbasenji.com\/lv\/?page_id=182"},"modified":"2013-11-12T17:58:55","modified_gmt":"2013-11-12T17:58:55","slug":"fci-skirnes-standarts","status":"publish","type":"page","link":"http:\/\/inasbasenji.com\/lv\/fci-skirnes-standarts\/","title":{"rendered":"FCI \u0160\u0137irnes standarts"},"content":{"rendered":"<p><b><i>FCI \u0160\u0137irnes standarts<\/i><\/b><\/p>\n<p><b><i><span style=\"text-decoration: underline;\">Izcelsme:<\/span><\/i><\/b><b><i> Centr\u0101la \u0100frika<\/i><\/b><\/p>\n<p><b><i><span style=\"text-decoration: underline;\">Izmanto\u0161ana:<\/span><\/i><\/b><b><i> med\u012bbu suns, labs kompanjons <\/i><\/b><\/p>\n<p><a href=\"http:\/\/inasbasenji.com\/lv\/wp-content\/uploads\/2013\/03\/8a.png\"><img decoding=\"async\" loading=\"lazy\" class=\"alignnone size-full wp-image-184\" alt=\"8a\" src=\"http:\/\/inasbasenji.com\/lv\/wp-content\/uploads\/2013\/03\/8a.png\" width=\"368\" height=\"246\" srcset=\"http:\/\/inasbasenji.com\/lv\/wp-content\/uploads\/2013\/03\/8a.png 368w, http:\/\/inasbasenji.com\/lv\/wp-content\/uploads\/2013\/03\/8a-300x200.png 300w\" sizes=\"(max-width: 368px) 100vw, 368px\" \/><\/a><\/p>\n<p><b><i><span style=\"text-decoration: underline;\">Klasific\u0113\u0161ana FCI:<\/span><\/i><\/b><b><i> Grupa 5, Laikas med\u012bbu su\u0146i un primit\u012bvie su\u0146i, bez darba kvalit\u0101tes p\u0101rbaudes.<\/i><\/b><\/p>\n<p><b><i><span style=\"text-decoration: underline;\">Svar\u012bgas attiec\u012bbas:<\/span><\/i><\/b><b><i> Purns nedaudz \u012bs\u0101ks par galvaskausu da\u013cu.<\/i><\/b><\/p>\n<p><a href=\"http:\/\/inasbasenji.com\/lv\/wp-content\/uploads\/2013\/03\/9a.png\"><img decoding=\"async\" loading=\"lazy\" class=\"alignnone size-full wp-image-189\" alt=\"9a\" src=\"http:\/\/inasbasenji.com\/lv\/wp-content\/uploads\/2013\/03\/9a.png\" width=\"288\" height=\"208\" \/><\/a><\/p>\n<p><b><i><span style=\"text-decoration: underline;\">Uzved\u012bba un raksturs<\/span><\/i><\/b><b><i>: Nerejo\u0161a, bet vi\u0146i izdot \u012bpatn\u0113jas, d\u012bvainas ska\u0146as \u2013 smieklu un jodel\u0113\u0161anas sajaukums. Z\u012bm\u012bga ar savu t\u012br\u012bgumu. Saprat\u012bgs, patst\u0101v\u012bgs, uztic\u012bgs un modrs. Var b\u016bt neuztic\u012bgs pret sve\u0161iem (ietur\u0113ts).<\/i><\/b><\/p>\n<p><b><i><span style=\"text-decoration: underline;\">Galva:<\/span><\/i><\/b><b><i> Augsti novietota, uz pieres rakstur\u012bgas krunci\u0146as vair\u0101k izteiktas kuc\u0113niem, bet ne tik izteiktas tr\u012bskr\u0101sainiem, \u0113nojuma tr\u016bkuma d\u0113\u013c.<\/i><\/b><\/p>\n<p><a href=\"http:\/\/inasbasenji.com\/lv\/wp-content\/uploads\/2013\/03\/10a.png\"><img decoding=\"async\" loading=\"lazy\" class=\"alignnone size-full wp-image-193\" alt=\"10a\" src=\"http:\/\/inasbasenji.com\/lv\/wp-content\/uploads\/2013\/03\/10a.png\" width=\"291\" height=\"346\" srcset=\"http:\/\/inasbasenji.com\/lv\/wp-content\/uploads\/2013\/03\/10a.png 291w, http:\/\/inasbasenji.com\/lv\/wp-content\/uploads\/2013\/03\/10a-252x300.png 252w\" sizes=\"(max-width: 291px) 100vw, 291px\" \/><\/a><\/p>\n<p><b><i>\u00a0<\/i><\/b><\/p>\n<p><b><i><span style=\"text-decoration: underline;\">Galvaskausa da\u013ca:<\/span><\/i><\/b><b><i> Galvaskauss plakans, labi veidots un vid\u0113ji plats, konusveid\u012bgs virzien\u0101\u00a0 uz degunu. Galvaskausa s\u0101nu l\u012bnijas pak\u0101peniski veido konusu mutes virzien\u0101. P\u0101reja no pieres uz purnam nenoz\u012bm\u012bga<\/i><\/b><i>. \u00a0<\/i><\/p>\n<p><a href=\"http:\/\/inasbasenji.com\/lv\/wp-content\/uploads\/2013\/03\/11a.png\"><img decoding=\"async\" loading=\"lazy\" class=\"alignnone size-full wp-image-196\" alt=\"11a\" src=\"http:\/\/inasbasenji.com\/lv\/wp-content\/uploads\/2013\/03\/11a.png\" width=\"252\" height=\"240\" \/><\/a><\/p>\n<p><b><i><span style=\"text-decoration: underline;\">Deguna gals:<\/span> Ir v\u0113lams meln\u0101 kr\u0101s\u0101.<\/i><\/b><\/p>\n<p><a href=\"http:\/\/inasbasenji.com\/lv\/wp-content\/uploads\/2013\/03\/12a.png\"><img decoding=\"async\" loading=\"lazy\" class=\"alignnone size-full wp-image-201\" alt=\"12a\" src=\"http:\/\/inasbasenji.com\/lv\/wp-content\/uploads\/2013\/03\/12a.png\" width=\"278\" height=\"282\" \/><\/a><\/p>\n<p><b><i><span style=\"text-decoration: underline;\">\u017doklis un zobi<\/span><\/i><\/b><b><i>: \u017dok\u013ci sp\u0113c\u012bgi ar perfektu un piln\u012bgu \u0161\u0137\u0113rveida sakodienu.<\/i><\/b><\/p>\n<p><a href=\"http:\/\/inasbasenji.com\/lv\/wp-content\/uploads\/2013\/03\/13a.png\"><img decoding=\"async\" loading=\"lazy\" class=\"alignnone size-full wp-image-204\" alt=\"13a\" src=\"http:\/\/inasbasenji.com\/lv\/wp-content\/uploads\/2013\/03\/13a.png\" width=\"565\" height=\"217\" srcset=\"http:\/\/inasbasenji.com\/lv\/wp-content\/uploads\/2013\/03\/13a.png 565w, http:\/\/inasbasenji.com\/lv\/wp-content\/uploads\/2013\/03\/13a-300x115.png 300w\" sizes=\"(max-width: 565px) 100vw, 565px\" \/><\/a><\/p>\n<p><b><i><span style=\"text-decoration: underline;\">Acis:<\/span><\/i><\/b><b><i> tum\u0161as, mande\u013cveid\u012bgas.<\/i><\/b><\/p>\n<p><a href=\"http:\/\/inasbasenji.com\/lv\/wp-content\/uploads\/2013\/03\/14a.png\"><img decoding=\"async\" loading=\"lazy\" class=\"alignnone size-full wp-image-207\" alt=\"14a\" src=\"http:\/\/inasbasenji.com\/lv\/wp-content\/uploads\/2013\/03\/14a.png\" width=\"331\" height=\"236\" srcset=\"http:\/\/inasbasenji.com\/lv\/wp-content\/uploads\/2013\/03\/14a.png 331w, http:\/\/inasbasenji.com\/lv\/wp-content\/uploads\/2013\/03\/14a-300x213.png 300w\" sizes=\"(max-width: 331px) 100vw, 331px\" \/><\/a><\/p>\n<p><b><i><span style=\"text-decoration: underline;\">Ausis:<\/span><\/i><\/b><b><i> nelielas, smalkas strukt\u016bras, smailas, st\u0101vo\u0161as un nedaudz pav\u0113rstas uz priek\u0161u, ausu gali nav satuvin\u0101ti.<\/i><\/b><b><i> <\/i><\/b><\/p>\n<p><a href=\"http:\/\/inasbasenji.com\/lv\/wp-content\/uploads\/2013\/03\/15a.png\"><img decoding=\"async\" loading=\"lazy\" class=\"alignnone size-full wp-image-210\" alt=\"15a\" src=\"http:\/\/inasbasenji.com\/lv\/wp-content\/uploads\/2013\/03\/15a.png\" width=\"476\" height=\"159\" srcset=\"http:\/\/inasbasenji.com\/lv\/wp-content\/uploads\/2013\/03\/15a.png 476w, http:\/\/inasbasenji.com\/lv\/wp-content\/uploads\/2013\/03\/15a-300x100.png 300w\" sizes=\"(max-width: 476px) 100vw, 476px\" \/><\/a><\/p>\n<p><b><i><span style=\"text-decoration: underline;\">Kakls:<\/span><\/i><\/b><b><i> Gar\u0161, bez izteikta paresnin\u0101juma, ar izteiktu<\/i><\/b><\/p>\n<p><b><i>Skaustu, ar graciozu akcent\u0113jo\u0161u izliekumu, un viegli aizpild\u012btu kakla pamatni. Labi veidota plecu da\u013ca, nodro\u0161ina lepni paceltas galvas efektu.<\/i><\/b><b><\/b><\/p>\n<p><a href=\"http:\/\/inasbasenji.com\/lv\/wp-content\/uploads\/2013\/03\/16a.png\"><img decoding=\"async\" loading=\"lazy\" class=\"alignnone size-full wp-image-213\" alt=\"16a\" src=\"http:\/\/inasbasenji.com\/lv\/wp-content\/uploads\/2013\/03\/16a.png\" width=\"211\" height=\"223\" \/><\/a><\/p>\n<p><b><i><span style=\"text-decoration: underline;\">Korpuss:<\/span><\/i><\/b><b><i> proporcion\u0101ls, mugura no skausta l\u012bdz viduklim \u012bsa, l\u012bdzena. Jostas vieta \u012bsa. Dzi\u013cas kr\u016btis. Ribas dzi\u013cas ov\u0101las. Apak\u0161 l\u012bnija p\u0101riet izteikt\u0101 vidukl\u012b.<\/i><\/b><\/p>\n<p><a href=\"http:\/\/inasbasenji.com\/lv\/wp-content\/uploads\/2013\/03\/17a.png\"><img decoding=\"async\" loading=\"lazy\" class=\"alignnone size-full wp-image-217\" alt=\"17a\" src=\"http:\/\/inasbasenji.com\/lv\/wp-content\/uploads\/2013\/03\/17a.png\" width=\"552\" height=\"210\" srcset=\"http:\/\/inasbasenji.com\/lv\/wp-content\/uploads\/2013\/03\/17a.png 552w, http:\/\/inasbasenji.com\/lv\/wp-content\/uploads\/2013\/03\/17a-300x114.png 300w\" sizes=\"(max-width: 552px) 100vw, 552px\" \/><\/a><\/p>\n<p><b><i><span style=\"text-decoration: underline;\">Aste:<\/span> augsti novietota, sagriezta cie\u0161\u0101 vienk\u0101r\u0161\u0101 vai divk\u0101r\u0161\u0101 gredzen\u0101 un<br \/>\nbl\u012bvi piegu\u013c pie krustiem<\/i><\/b><\/p>\n<p><a href=\"http:\/\/inasbasenji.com\/lv\/wp-content\/uploads\/2013\/03\/18a.png\"><img decoding=\"async\" loading=\"lazy\" class=\"alignnone size-full wp-image-221\" alt=\"18a\" src=\"http:\/\/inasbasenji.com\/lv\/wp-content\/uploads\/2013\/03\/18a.png\" width=\"240\" height=\"186\" \/><\/a><\/p>\n<p><b><i><span style=\"text-decoration: underline;\">Priek\u0161\u0113j\u0101s ekstremit\u0101tes:<\/span><\/i><\/b><b><i> Taisnas ar smalkiem kauliem, k\u0101jas taisn\u0101 l\u012bnij\u0101 pret zemi. Pleci atsl\u0101bin\u0101ti, musku\u013coti, nav saspringti. Elkoni piek\u013caujas pie kr\u016bt\u012bm. Skatoties no priek\u0161puses, elko\u0146i atrodas viena l\u012bnij\u0101 ar rib\u0101m. Apak\u0161delms \u013coti gar\u0161. \u00a0<\/i><\/b><\/p>\n<p><a href=\"http:\/\/inasbasenji.com\/lv\/wp-content\/uploads\/2013\/03\/19a.png\"><img decoding=\"async\" loading=\"lazy\" class=\"alignnone size-full wp-image-224\" alt=\"19a\" src=\"http:\/\/inasbasenji.com\/lv\/wp-content\/uploads\/2013\/03\/19a.png\" width=\"256\" height=\"269\" \/><\/a><\/p>\n<p><b><i><span style=\"text-decoration: underline;\">Paka\u013c\u0113j\u0101s ekstremit\u0101tes:<\/span><\/i><\/b><b><i> Sp\u0113c\u012bgas, musku\u013cotas. Ce\u013cgala loc\u012btava ar m\u0113reni saliekta. Aug\u0161stilbi gari. Paceles c\u012bpsla\u00a0 nolaista ne uz iek\u0161u, ne uz \u0101ru izliegta.<\/i><\/b><\/p>\n<p><a href=\"http:\/\/inasbasenji.com\/lv\/wp-content\/uploads\/2013\/03\/20a.png\"><img decoding=\"async\" loading=\"lazy\" class=\"alignnone size-full wp-image-227\" alt=\"20a\" src=\"http:\/\/inasbasenji.com\/lv\/wp-content\/uploads\/2013\/03\/20a.png\" width=\"307\" height=\"289\" srcset=\"http:\/\/inasbasenji.com\/lv\/wp-content\/uploads\/2013\/03\/20a.png 307w, http:\/\/inasbasenji.com\/lv\/wp-content\/uploads\/2013\/03\/20a-300x282.png 300w\" sizes=\"(max-width: 307px) 100vw, 307px\" \/><\/a><\/p>\n<p><b><i><span style=\"text-decoration: underline;\">\u00a0<\/span><\/i><\/b><\/p>\n<p><b><i><span style=\"text-decoration: underline;\">\u0136epas:<\/span><\/i><\/b><b><i> P\u0113das mazas, \u0161auras un kompaktas ar dzi\u013ciem spilventi\u0146iem, labi izliektiem pirkstiem.<\/i><\/b><\/p>\n<p><a href=\"http:\/\/inasbasenji.com\/lv\/wp-content\/uploads\/2013\/03\/21a.png\"><img decoding=\"async\" loading=\"lazy\" class=\"alignnone size-full wp-image-230\" alt=\"21a\" src=\"http:\/\/inasbasenji.com\/lv\/wp-content\/uploads\/2013\/03\/21a.png\" width=\"588\" height=\"301\" srcset=\"http:\/\/inasbasenji.com\/lv\/wp-content\/uploads\/2013\/03\/21a.png 588w, http:\/\/inasbasenji.com\/lv\/wp-content\/uploads\/2013\/03\/21a-300x153.png 300w\" sizes=\"(max-width: 588px) 100vw, 588px\" \/><\/a><\/p>\n<p><b>\u00a0\u00a0\u00a0\u00a0\u00a0\u00a0<\/b><b><i><span style=\"text-decoration: underline;\">Kust\u012bbas:<\/span><\/i><\/b><b><i> P\u0101rvietojas\u00a0 virzot k\u0101jas taisni uz priek\u0161u \u00a0ar \u0101triem un pla\u0161iem, \u0161\u016bpojo\u0161iem so\u013ciem bez piep\u016bles.<\/i><\/b><\/p>\n<p><a href=\"http:\/\/inasbasenji.com\/lv\/wp-content\/uploads\/2013\/03\/22a.png\"><img decoding=\"async\" loading=\"lazy\" class=\"alignnone size-full wp-image-233\" alt=\"22a\" src=\"http:\/\/inasbasenji.com\/lv\/wp-content\/uploads\/2013\/03\/22a.png\" width=\"488\" height=\"300\" srcset=\"http:\/\/inasbasenji.com\/lv\/wp-content\/uploads\/2013\/03\/22a.png 488w, http:\/\/inasbasenji.com\/lv\/wp-content\/uploads\/2013\/03\/22a-300x184.png 300w\" sizes=\"(max-width: 488px) 100vw, 488px\" \/><\/a><\/p>\n<p><b><i><span style=\"text-decoration: underline;\">Apspalvojums:<\/span><\/i><\/b><b><i> Spalva \u012bsa, gluda un bl\u012bva, \u013coti smalka.<\/i><\/b><\/p>\n<p><b><i><span style=\"text-decoration: underline;\">Kr\u0101sojums:<\/span><\/i><\/b><b><i> Melns ar baltu; tum\u0161i vai gai\u0161i ruds ar baltu; trikolors \u2013 melns ar rudu un baltu; \u00a0t\u012b\u0123eru \u2013 rudais pamat fons, ar meln\u0101m str\u012bp\u0101m, vislab\u0101k, lai melnas str\u012bpas b\u016btu izteiktas. Balt\u0101m z\u012bm\u0113m j\u0101b\u016bt uz \u0137ep\u0101m,\u00a0 kr\u016bt\u012bm un astes gala. Baltas k\u0101jas, z\u012bmes uz galvas un baltas apkakles, nav oblig\u0101tas. <\/i><\/b><\/p>\n<p><a href=\"http:\/\/inasbasenji.com\/lv\/wp-content\/uploads\/2013\/03\/23b.png\"><img decoding=\"async\" loading=\"lazy\" class=\"alignnone size-full wp-image-247\" alt=\"23b\" src=\"http:\/\/inasbasenji.com\/lv\/wp-content\/uploads\/2013\/03\/23b.png\" width=\"573\" height=\"160\" srcset=\"http:\/\/inasbasenji.com\/lv\/wp-content\/uploads\/2013\/03\/23b.png 573w, http:\/\/inasbasenji.com\/lv\/wp-content\/uploads\/2013\/03\/23b-300x83.png 300w\" sizes=\"(max-width: 573px) 100vw, 573px\" \/><\/a><\/p>\n","protected":false},"excerpt":{"rendered":"<p>FCI \u0160\u0137irnes standarts Izcelsme: Centr\u0101la \u0100frika Izmanto\u0161ana: med\u012bbu suns, labs kompanjons Klasific\u0113\u0161ana FCI: Grupa 5, Laikas med\u012bbu su\u0146i un primit\u012bvie su\u0146i, bez darba kvalit\u0101tes p\u0101rbaudes. Svar\u012bgas attiec\u012bbas: Purns nedaudz \u012bs\u0101ks par galvaskausu da\u013cu. Uzved\u012bba un raksturs: Nerejo\u0161a, bet vi\u0146i izdot \u012bpatn\u0113jas, d\u012bvainas ska\u0146as \u2013 smieklu un jodel\u0113\u0161anas sajaukums. Z\u012bm\u012bga ar savu t\u012br\u012bgumu. Saprat\u012bgs, patst\u0101v\u012bgs, uztic\u012bgs [&hellip;]<\/p>\n","protected":false},"author":1,"featured_media":0,"parent":0,"menu_order":8,"comment_status":"open","ping_status":"open","template":"","meta":[],"_links":{"self":[{"href":"http:\/\/inasbasenji.com\/lv\/wp-json\/wp\/v2\/pages\/182"}],"collection":[{"href":"http:\/\/inasbasenji.com\/lv\/wp-json\/wp\/v2\/pages"}],"about":[{"href":"http:\/\/inasbasenji.com\/lv\/wp-json\/wp\/v2\/types\/page"}],"author":[{"embeddable":true,"href":"http:\/\/inasbasenji.com\/lv\/wp-json\/wp\/v2\/users\/1"}],"replies":[{"embeddable":true,"href":"http:\/\/inasbasenji.com\/lv\/wp-json\/wp\/v2\/comments?post=182"}],"version-history":[{"count":79,"href":"http:\/\/inasbasenji.com\/lv\/wp-json\/wp\/v2\/pages\/182\/revisions"}],"predecessor-version":[{"id":1995,"href":"http:\/\/inasbasenji.com\/lv\/wp-json\/wp\/v2\/pages\/182\/revisions\/1995"}],"wp:attachment":[{"href":"http:\/\/inasbasenji.com\/lv\/wp-json\/wp\/v2\/media?parent=182"}],"curies":[{"name":"wp","href":"https:\/\/api.w.org\/{rel}","templated":true}]}}