{"id":1755,"date":"2013-11-07T07:50:15","date_gmt":"2013-11-07T07:50:15","guid":{"rendered":"http:\/\/inasbasenji.com\/lv\/?page_id=1755"},"modified":"2018-03-28T09:00:20","modified_gmt":"2018-03-28T09:00:20","slug":"publikacijatelevizija","status":"publish","type":"page","link":"http:\/\/inasbasenji.com\/lv\/publikacijatelevizija\/","title":{"rendered":"publik\u0101cija\/telev\u012bzija"},"content":{"rendered":"<p>***<\/p>\n<p style=\"text-align: center;\">***<\/p>\n<p style=\"text-align: center;\"><em><strong>\u0414\u043d\u0435\u0432\u043d\u0438\u043a \u0441\u044a\u0435\u043c\u043e\u043a \u043a\u0430\u043b\u0435\u043d\u0434\u0430\u0440\u044f Amber Dog Calendar 2016<\/strong><\/em><\/p>\n<p><img decoding=\"async\" loading=\"lazy\" class=\" wp-image-4781 aligncenter\" src=\"http:\/\/inasbasenji.com\/lv\/wp-content\/uploads\/2015\/12\/calendar-2016-725x1024.jpg\" alt=\"\" width=\"569\" height=\"804\" srcset=\"http:\/\/inasbasenji.com\/lv\/wp-content\/uploads\/2015\/12\/calendar-2016.jpg 725w, http:\/\/inasbasenji.com\/lv\/wp-content\/uploads\/2015\/12\/calendar-2016-212x300.jpg 212w\" sizes=\"(max-width: 569px) 100vw, 569px\" \/><\/p>\n<p>&nbsp;<\/p>\n<p>&nbsp;<\/p>\n<p style=\"text-align: center;\">http:\/\/www.cocktail.lv\/?m=article&#038;l=1&#038;i=73<\/p>\n<p>&nbsp;<\/p>\n<p>***<\/p>\n<p><object type=\"application\/x-shockwave-flash\" width=\"480\" height=\"62\" data=\"http:\/\/getembedplus.com\/embedplus.swf\" id=\"ep46723\"><param value=\"http:\/\/getembedplus.com\/embedplus.swf\" name=\"movie\" \/><param value=\"high\" name=\"quality\" \/><param value=\"transparent\" name=\"wmode\" \/><param value=\"always\" name=\"allowscriptaccess\" \/><param value=\"true\" name=\"allowFullScreen\" \/><param name=\"flashvars\" value=\"ytid=GZ2glcfG1IY&#038;height=30&#038;width=480&#038;react=1&#038;sweetspot=1&#038;&amp;rs=w\" \/><iframe loading=\"lazy\" class=\"cantembedplus\" title=\"YouTube video player\" width=\"480\" height=\"30\" src=\"\/\/www.youtube.com\/embed\/GZ2glcfG1IY?fs=1&#038;\" frameborder=\"0\" allowfullscreen><\/iframe><\/object><\/p>\n<p>***<\/p>\n<p style=\"text-align: center;\">http:\/\/cocktail.lv\/ru\/article\/Dvenadcatj-mesjacev-Dvenadcatj-istorij<\/p>\n<p>***<\/p>\n<p>&nbsp;<\/p>\n<p><object type=\"application\/x-shockwave-flash\" width=\"480\" height=\"62\" data=\"http:\/\/getembedplus.com\/embedplus.swf\" id=\"ep32588\"><param value=\"http:\/\/getembedplus.com\/embedplus.swf\" name=\"movie\" \/><param value=\"high\" name=\"quality\" \/><param value=\"transparent\" name=\"wmode\" \/><param value=\"always\" name=\"allowscriptaccess\" \/><param value=\"true\" name=\"allowFullScreen\" \/><param name=\"flashvars\" value=\"ytid=TT9ZSukg6lI&#038;height=30&#038;width=480&#038;react=1&#038;sweetspot=1&#038;&amp;rs=w\" \/><iframe loading=\"lazy\" class=\"cantembedplus\" title=\"YouTube video player\" width=\"480\" height=\"30\" src=\"\/\/www.youtube.com\/embed\/TT9ZSukg6lI?fs=1&#038;\" frameborder=\"0\" allowfullscreen><\/iframe><\/object><\/p>\n<p>***<\/p>\n<p><object type=\"application\/x-shockwave-flash\" width=\"480\" height=\"62\" data=\"http:\/\/getembedplus.com\/embedplus.swf\" id=\"ep83289\"><param value=\"http:\/\/getembedplus.com\/embedplus.swf\" name=\"movie\" \/><param value=\"high\" name=\"quality\" \/><param value=\"transparent\" name=\"wmode\" \/><param value=\"always\" name=\"allowscriptaccess\" \/><param value=\"true\" name=\"allowFullScreen\" \/><param name=\"flashvars\" value=\"ytid=X8bZ2uR4DLg&#038;height=30&#038;width=480&#038;react=1&#038;sweetspot=1&#038;&amp;rs=w\" \/><iframe loading=\"lazy\" class=\"cantembedplus\" title=\"YouTube video player\" width=\"480\" height=\"30\" src=\"\/\/www.youtube.com\/embed\/X8bZ2uR4DLg?fs=1&#038;\" frameborder=\"0\" allowfullscreen><\/iframe><\/object><\/p>\n<p>***<\/p>\n<p>http:\/\/www.delfi.lv\/mansdraugs\/46365705_basendzi-jeb-neparastais-kongo-suns-kas-jodele-nevis-rej-saruna-ar-audzetaju<\/p>\n<p><a href=\"http:\/\/inasbasenji.com\/lv\/wp-content\/uploads\/2015\/08\/mansdraugs.lv_.png\"><img decoding=\"async\" loading=\"lazy\" class=\"wp-image-4757 aligncenter\" src=\"http:\/\/inasbasenji.com\/lv\/wp-content\/uploads\/2015\/08\/mansdraugs.lv_.png\" alt=\"http:\/\/www.delfi.lv\/mansdraugs\/46365705_basendzi-jeb-neparastais-kongo-suns-kas-jodele-nevis-rej-saruna-ar-audzetaju\" width=\"637\" height=\"397\" srcset=\"http:\/\/inasbasenji.com\/lv\/wp-content\/uploads\/2015\/08\/mansdraugs.lv_.png 945w, http:\/\/inasbasenji.com\/lv\/wp-content\/uploads\/2015\/08\/mansdraugs.lv_-300x187.png 300w\" sizes=\"(max-width: 637px) 100vw, 637px\" \/><\/a><\/p>\n<p>***<\/p>\n<p><strong><em>Tukuma Zi\u0146it\u0101js ( Nr.5 2014gada 28febru\u0101ris &#8211; 13.marts)<\/em><\/strong><\/p>\n<p style=\"text-align: center;\"><a href=\"http:\/\/inasbasenji.com\/lv\/wp-content\/uploads\/2013\/11\/Nr.5-28.02.14-13.03.14.jpg\"><img decoding=\"async\" loading=\"lazy\" class=\" wp-image-2855 aligncenter\" src=\"http:\/\/inasbasenji.com\/lv\/wp-content\/uploads\/2013\/11\/Nr.5-28.02.14-13.03.14.jpg\" alt=\"Nr.5 (28.02.14- 13.03.14)\" width=\"496\" height=\"614\" \/><\/a><\/p>\n<p>***<\/p>\n<p><em><strong>Vides V\u0113stis\u00a0 rudens\/03\/2013\u00a0\u00a0\u00a0\u00a0 &#8220;Dabas fotogr\u0101fs\u00a0 Sandris Rabkevi\u010ds&#8221;<\/strong><\/em><\/p>\n<p style=\"text-align: center;\"><a href=\"http:\/\/inasbasenji.com\/lv\/wp-content\/uploads\/2013\/11\/1bilde-sandris.png\"><img decoding=\"async\" loading=\"lazy\" class=\"size-full wp-image-2089 aligncenter\" src=\"http:\/\/inasbasenji.com\/lv\/wp-content\/uploads\/2013\/11\/1bilde-sandris.png\" alt=\"1bilde sandris\" width=\"452\" height=\"537\" srcset=\"http:\/\/inasbasenji.com\/lv\/wp-content\/uploads\/2013\/11\/1bilde-sandris.png 452w, http:\/\/inasbasenji.com\/lv\/wp-content\/uploads\/2013\/11\/1bilde-sandris-252x300.png 252w\" sizes=\"(max-width: 452px) 100vw, 452px\" \/><\/a><\/p>\n<p style=\"text-align: center;\"><a href=\"http:\/\/inasbasenji.com\/lv\/wp-content\/uploads\/2013\/11\/2bilde-sandris.png\"><img decoding=\"async\" loading=\"lazy\" class=\"size-full wp-image-2084 aligncenter\" src=\"http:\/\/inasbasenji.com\/lv\/wp-content\/uploads\/2013\/11\/2bilde-sandris.png\" alt=\"2bilde sandris\" width=\"454\" height=\"544\" srcset=\"http:\/\/inasbasenji.com\/lv\/wp-content\/uploads\/2013\/11\/2bilde-sandris.png 454w, http:\/\/inasbasenji.com\/lv\/wp-content\/uploads\/2013\/11\/2bilde-sandris-250x300.png 250w\" sizes=\"(max-width: 454px) 100vw, 454px\" \/><\/a><\/p>\n<p style=\"text-align: center;\"><a href=\"http:\/\/inasbasenji.com\/lv\/wp-content\/uploads\/2013\/11\/3bildes-sandris.png\"><img decoding=\"async\" loading=\"lazy\" class=\"size-full wp-image-2076 aligncenter\" src=\"http:\/\/inasbasenji.com\/lv\/wp-content\/uploads\/2013\/11\/3bildes-sandris.png\" alt=\"3bildes sandris\" width=\"450\" height=\"530\" srcset=\"http:\/\/inasbasenji.com\/lv\/wp-content\/uploads\/2013\/11\/3bildes-sandris.png 450w, http:\/\/inasbasenji.com\/lv\/wp-content\/uploads\/2013\/11\/3bildes-sandris-254x300.png 254w\" sizes=\"(max-width: 450px) 100vw, 450px\" \/><\/a><\/p>\n<p>***<\/p>\n<div id=\"galleryLargeDescr\"><em><strong>Neatkar\u012bg\u0101s Tukuma Zi\u0146as 22.11.2012\u00a0\u00a0\u00a0\u00a0\u00a0\u00a0\u00a0\u00a0 &#8220;Basen\u017ei &#8211; su\u0146i, kas nerej&#8221;<\/strong><\/em><\/div>\n<p style=\"text-align: center;\"><a href=\"http:\/\/inasbasenji.com\/lv\/wp-content\/uploads\/2013\/11\/scan0005.jpg\"><img decoding=\"async\" loading=\"lazy\" class=\"wp-image-2064 aligncenter\" src=\"http:\/\/inasbasenji.com\/lv\/wp-content\/uploads\/2013\/11\/scan0005.jpg\" alt=\"scan0005\" width=\"717\" height=\"580\" srcset=\"http:\/\/inasbasenji.com\/lv\/wp-content\/uploads\/2013\/11\/scan0005.jpg 1024w, http:\/\/inasbasenji.com\/lv\/wp-content\/uploads\/2013\/11\/scan0005-300x242.jpg 300w\" sizes=\"(max-width: 717px) 100vw, 717px\" \/><\/a><\/p>\n<p>***<\/p>\n<p><strong><em>Tukuma Zi\u0146ot\u0101js 01.06.2012\u00a0\u00a0\u00a0\u00a0\u00a0\u00a0\u00a0\u00a0\u00a0\u00a0\u00a0\u00a0\u00a0\u00a0 &#8220;Klusie dom\u0101t\u0101ji<\/em><\/strong>&#8221;<\/p>\n<p style=\"text-align: center;\"><a href=\"http:\/\/inasbasenji.com\/lv\/wp-content\/uploads\/2013\/11\/scan0007.jpg\"><img decoding=\"async\" loading=\"lazy\" class=\" wp-image-2057 aligncenter\" src=\"http:\/\/inasbasenji.com\/lv\/wp-content\/uploads\/2013\/11\/scan0007.jpg\" alt=\"scan0007\" width=\"717\" height=\"538\" srcset=\"http:\/\/inasbasenji.com\/lv\/wp-content\/uploads\/2013\/11\/scan0007.jpg 1024w, http:\/\/inasbasenji.com\/lv\/wp-content\/uploads\/2013\/11\/scan0007-300x225.jpg 300w\" sizes=\"(max-width: 717px) 100vw, 717px\" \/><\/a><\/p>\n<p style=\"text-align: center;\"><a href=\"http:\/\/inasbasenji.com\/lv\/wp-content\/uploads\/2013\/11\/scan0008.jpg\"><img decoding=\"async\" loading=\"lazy\" class=\" wp-image-2048 aligncenter\" src=\"http:\/\/inasbasenji.com\/lv\/wp-content\/uploads\/2013\/11\/scan0008.jpg\" alt=\"scan0008\" width=\"620\" height=\"717\" srcset=\"http:\/\/inasbasenji.com\/lv\/wp-content\/uploads\/2013\/11\/scan0008.jpg 886w, http:\/\/inasbasenji.com\/lv\/wp-content\/uploads\/2013\/11\/scan0008-259x300.jpg 259w\" sizes=\"(max-width: 620px) 100vw, 620px\" \/><\/a><\/p>\n","protected":false},"excerpt":{"rendered":"<p>*** *** \u0414\u043d\u0435\u0432\u043d\u0438\u043a \u0441\u044a\u0435\u043c\u043e\u043a \u043a\u0430\u043b\u0435\u043d\u0434\u0430\u0440\u044f Amber Dog Calendar 2016 &nbsp; &nbsp; http:\/\/www.cocktail.lv\/?m=article&#038;l=1&#038;i=73 &nbsp; *** *** http:\/\/cocktail.lv\/ru\/article\/Dvenadcatj-mesjacev-Dvenadcatj-istorij *** &nbsp; *** *** http:\/\/www.delfi.lv\/mansdraugs\/46365705_basendzi-jeb-neparastais-kongo-suns-kas-jodele-nevis-rej-saruna-ar-audzetaju *** Tukuma Zi\u0146it\u0101js ( Nr.5 2014gada 28febru\u0101ris &#8211; 13.marts) *** Vides V\u0113stis\u00a0 rudens\/03\/2013\u00a0\u00a0\u00a0\u00a0 &#8220;Dabas fotogr\u0101fs\u00a0 Sandris Rabkevi\u010ds&#8221; *** Neatkar\u012bg\u0101s Tukuma Zi\u0146as 22.11.2012\u00a0\u00a0\u00a0\u00a0\u00a0\u00a0\u00a0\u00a0 &#8220;Basen\u017ei &#8211; su\u0146i, kas nerej&#8221; *** Tukuma Zi\u0146ot\u0101js 01.06.2012\u00a0\u00a0\u00a0\u00a0\u00a0\u00a0\u00a0\u00a0\u00a0\u00a0\u00a0\u00a0\u00a0\u00a0 &#8220;Klusie dom\u0101t\u0101ji&#8221;<\/p>\n","protected":false},"author":1,"featured_media":0,"parent":0,"menu_order":30,"comment_status":"open","ping_status":"open","template":"","meta":[],"_links":{"self":[{"href":"http:\/\/inasbasenji.com\/lv\/wp-json\/wp\/v2\/pages\/1755"}],"collection":[{"href":"http:\/\/inasbasenji.com\/lv\/wp-json\/wp\/v2\/pages"}],"about":[{"href":"http:\/\/inasbasenji.com\/lv\/wp-json\/wp\/v2\/types\/page"}],"author":[{"embeddable":true,"href":"http:\/\/inasbasenji.com\/lv\/wp-json\/wp\/v2\/users\/1"}],"replies":[{"embeddable":true,"href":"http:\/\/inasbasenji.com\/lv\/wp-json\/wp\/v2\/comments?post=1755"}],"version-history":[{"count":65,"href":"http:\/\/inasbasenji.com\/lv\/wp-json\/wp\/v2\/pages\/1755\/revisions"}],"predecessor-version":[{"id":4955,"href":"http:\/\/inasbasenji.com\/lv\/wp-json\/wp\/v2\/pages\/1755\/revisions\/4955"}],"wp:attachment":[{"href":"http:\/\/inasbasenji.com\/lv\/wp-json\/wp\/v2\/media?parent=1755"}],"curies":[{"name":"wp","href":"https:\/\/api.w.org\/{rel}","templated":true}]}}